{"id":129,"date":"2019-05-03T11:12:42","date_gmt":"2019-05-03T09:12:42","guid":{"rendered":"http:\/\/localhost\/wordpress\/?page_id=129"},"modified":"2022-10-25T18:55:01","modified_gmt":"2022-10-25T16:55:01","slug":"zukunft-der-buchbranche","status":"publish","type":"page","link":"https:\/\/dorothea-redeker.de\/dorothea-redeker.de\/publikationen\/zukunft-der-buchbranche\/","title":{"rendered":"Zukunft der Buchbranche"},"content":{"rendered":"\t\t<div data-elementor-type=\"wp-page\" data-elementor-id=\"129\" class=\"elementor elementor-129\">\n\t\t\t\t\t\t<section class=\"elementor-section elementor-top-section elementor-element elementor-element-e155f21 elementor-section-boxed elementor-section-height-default elementor-section-height-default\" data-id=\"e155f21\" data-element_type=\"section\">\n\t\t\t\t\t\t<div class=\"elementor-container elementor-column-gap-default\">\n\t\t\t\t\t<div class=\"elementor-column elementor-col-100 elementor-top-column elementor-element elementor-element-1d132258\" data-id=\"1d132258\" data-element_type=\"column\">\n\t\t\t<div class=\"elementor-widget-wrap elementor-element-populated\">\n\t\t\t\t\t\t<div class=\"elementor-element elementor-element-645b4ced elementor-widget elementor-widget-text-editor\" data-id=\"645b4ced\" data-element_type=\"widget\" data-widget_type=\"text-editor.default\">\n\t\t\t\t<div class=\"elementor-widget-container\">\n\t\t\t\t\t\t\t\t\t<h3>Beitr\u00e4ge und Einsch\u00e4tzungen<\/h3>\n<ul>\n<li><strong>Vom Gestern ins Heute<\/strong><br>Das Bibliotheksgesch\u00e4ft aus einer etwas anderen Perspektive<br>Key Note zur AWS-Tagung in Bensheim, Mai 2016<br>siehe auch:<a href=\"http:\/\/www.b-i-t-online.de\/heft\/2016-03-reportage-muench.pdf\"> http:\/\/www.b-i-t-online.de\/heft\/2016-03-reportage-muench.pdf<br><br><\/a><\/li>\n<li><strong>K\u00f6nnen Buchhandel und Verlage regional mehr punkten? \u00dcber die Chancen einer standortbezogenen Profilierung.<\/strong><br>Jahrestagung des Landesverbandes Baden-W\u00fcrttemberg, B\u00f6rsenverein des deutschen Buchhandels, Juni 2015<br><br><\/li>\n<li><strong>Eine Frage der Zielgruppe<\/strong>. Zu neuen Ans\u00e4tzen im Buchhandel. In: KNV aktuell. M\u00e4rz 2013<br><br><\/li>\n<li><strong>Die Zukunft des Buchhandels<\/strong>. Impulse und Workshop.<br><em><em>Veranstaltung der B\u00fccherfrauen S\u00fcdwest e.V. zum Thema: Wie wollen wir arbeiten? Oktober 2012.<\/em><\/em> <br><br><\/li>\n<li><strong>Gr\u00fcndungsvorhaben im station\u00e4ren Buchhandel &#8211; ein lohnenswertes Ziel im Zeitalter des Online-Booms? Ein Beispiel aus Dortmund-H\u00f6rde<\/strong><br>In: Berichte des Arbeitskreises Geographische Handelsforschung Nr. 32 &#8222;Dynamiken des Einzelhandels in deutschen Innenst\u00e4dten&#8220;, S. 23-26, 2012.<br><br><\/li>\n<li><strong>Kompetenzen im digitalen Umfeld &#8211; Zwischen Wunsch und Wirklichkeit.<\/strong><br>In: B-I-T-Online Nr. 15, 280-283. 2012.<br><a href=\"http:\/\/www.b-i-t-online.de\/heft\/2012-03-reportage-redeker.pdf\">http:\/\/www.b-i-t-online.de\/heft\/2012-03-reportage-redeker.pdf<br><br><\/a><\/li>\n<li>&nbsp;<strong>Regionalit\u00e4t wird immer wichtiger &#8211; Zur Krise der Filialisten<\/strong><br><em><strong>&nbsp;&nbsp;&nbsp; <\/strong><\/em>Videointerview, buchreport &#8211; Leipziger Buchmesse 2012<br><a>&nbsp;<\/a>&nbsp;&nbsp;&nbsp; ver\u00f6ffentlicht 22.3.2012<br><br><\/li>\n<li><strong>Ein Ladenlokal ist kein Konzept &#8211; zur Er\u00f6ffnung der Buchhandlung transfer in Dortmund-H\u00f6rde<\/strong><br>In: buchreport magazin Nr. 8, S. 70. 2011<br><br><\/li>\n<li><strong>So werden Sie unverwechselbar.<br>Tipps, Anleitungen und Ratschl\u00e4ge gibt es zu Hauf: Wer Trends hinterherl\u00e4uft und nur Ideen nachmachen will, die andere vorleben, verliert sich leicht im Dickicht der M\u00f6glichkeiten. Wie finden Sie Ihre eigene Linie?<\/strong><br><em>In: buchmarkt Nr. 6, 104-105. 2010.<\/em><br><a href=\"https:\/\/dorothea-redeker.de\/dorothea-redeker.de\/wp-content\/uploads\/2019\/04\/Strategie-im-Buchhandel-.pdf\" target=\"_blank\" rel=\"noopener noreferrer\">Strategie im Buchhandel<\/a><\/li>\n<\/ul>\n<ul>\n<li><strong>Buchkommunikatoren sorgen f\u00fcr Begegnungen.<\/strong><br><em>In: buchreport magazin Nr. 3, S.44-49. 2010.<\/em><br><a href=\"https:\/\/dorothea-redeker.de\/dorothea-redeker.de\/wp-content\/uploads\/2019\/04\/Buchhandel-als-Begegnungsort.pdf\" target=\"_blank\" rel=\"noopener noreferrer\">Buchhandel als Begegnungsort<\/a><\/li>\n<\/ul>\n<ul>\n<li><strong>Vernetzen und verkaufen.<\/strong><br><em>In: buchreport magazin Nr. 2, S.56-58. 2010.<br><\/em> <a href=\"https:\/\/dorothea-redeker.de\/dorothea-redeker.de\/wp-content\/uploads\/2019\/04\/Der-Buchhandel-als-thematischer-Vernetzungsort-.pdf\">Der Buchhandel als thematischer Vernetzungsort<\/a><\/li>\n<\/ul>\n<ul>\n<li><strong>Baustelle Buchhandel &#8211; Wenn das Buch kein Leitmedium mehr ist. Interview zum ver\u00e4nderten Handlungsauftrag des Buchhandels und dem Konzept Lesecoach.<\/strong><br><em> In: buchreport magazin Nr. 1, S.18-26. 2010.<\/em><br><a href=\"https:\/\/dorothea-redeker.de\/dorothea-redeker.de\/wp-content\/uploads\/2019\/04\/Wenn-das-Buch-kein-Leitmedium-mehr-ist.pdf\" target=\"_blank\" rel=\"noopener noreferrer\">Wenn das Buch kein Leitmedium mehr ist\n<\/a><p><a href=\"https:\/\/dorothea-redeker.de\/dorothea-redeker.de\/wp-content\/uploads\/2019\/04\/Wenn-das-Buch-kein-Leitmedium-mehr-ist.pdf\" target=\"_blank\" rel=\"noopener noreferrer\"><\/a><\/p><\/li>\n<li><strong>Quo vadis, Buchhandel? Vom klassischen H\u00e4ndler zum Anbieter partizipativer L\u00f6sungen. Die Entwicklung neuer Standortprofile aus der Perspektive deutscher Buchh\u00e4ndler. Dissertation <\/strong>Frankfurt a.M. Peter Lang Verlag. ISBN: 978-3-631-59398-1. 232 S. &#8211; vergriffen<\/li>\n<\/ul>\n<ul>\n<li><strong>Der station\u00e4re Buchhandel &#8211; Auslaufmodell oder Keimzelle eines ver\u00e4nderten Verst\u00e4ndnisses von Handel? Zusammenfassende Ergebnisse einer Untersuchung zur Entwicklung des deutschen Buchhandels.<\/strong><br><em>In: Berichte des Arbeitskreises Geographische Handelsforschung Nr. 26, S. 30-36, 2009.<br><\/em><\/li>\n<\/ul>\n<ul>\n<li><strong>Zwischen Ratio und Emotio- Chancen f\u00fcr den Fachbuchhandel &#8211; Fulda, Mai 2008.<\/strong><br><em>Jahrestagung der Arbeitsgemeinschaft Wissenschaftlicher Sortiments- und Fachbuchhandlungen (AWS) e.V.<br><\/em> <a href=\"https:\/\/dorothea-redeker.de\/dorothea-redeker.de\/wp-content\/uploads\/2019\/04\/Zwischen-ratio-und-motio-Strategien-f\u00fcr-den-Fachbuchhandel.pdf\" target=\"_blank\" rel=\"noopener noreferrer\">Zwischen ratio und motio &#8211; Strategien f\u00fcr den Fachbuchhandel\n<\/a><p><a href=\"https:\/\/dorothea-redeker.de\/dorothea-redeker.de\/wp-content\/uploads\/2019\/04\/Zwischen-ratio-und-motio-Strategien-f\u00fcr-den-Fachbuchhandel.pdf\" target=\"_blank\" rel=\"noopener noreferrer\"><\/a><\/p><\/li>\n<li><strong>Erlebnisraum Buchhandel &#8211; Kooperationen als M\u00f6glichkeit der Erweiterung? Der Buchhandel im Wandel &#8211; Bericht aus einem Dissertationsprojekt.<\/strong><br><em> In: Berichte des Arbeitskreis Geographische Handelsforschung Nr. 22, S. 5-8, 2007<\/em>\n<p><a href=\"https:\/\/www.geographie.hu-berlin.de\/de\/abteilungen\/wirtschaftsgeographie\/AK-Einzelhandelsforschung\/publikationen\/Berichte%20des%20Arbeitskreises%20-%20Geographische%20Handelsforschung%20-%20Bericht%2022.pdf\/view\">Download des Berichts 22<\/a><\/p>\n<\/li>\n<li><strong>Positionspapier des Sortimenter-Ausschusses im B\u00f6rsenverein des Deutschen Buchhandels e.V. zur Lage des Buchhandels in Deutschland \u2013 Februar 2006.<br><\/strong>&nbsp;<\/li>\n<li><strong>Quo vadis, Buchhandel. Zu Verkaufskonzepten von Buchhandlungen im digitalen Zeitalter. <\/strong><br><em>Jahreshauptversammlung Landesverband Saarland, B\u00f6rsenverein des Deutschen Buchhandels e.V., M\u00e4rz 2011, Saarbr\u00fccken.\n<\/em><p><em><\/em><\/p><\/li>\n<li><strong>Gemeinsam im Social Web. Impulse f\u00fcr ein Mehr an Vernetzung zwischen Buchhandlungen und Verlagen. <\/strong><br><em>VVA-Sortimentertagung, Februar 2011, Essen.<\/em><\/li>\n<\/ul>\n<ul>\n<li><strong>Perspektiven f\u00fcr E-Books im Buchhandel.<\/strong><br>E-Book-Workshop Springer-Verlag, Juni 2010, Berlin.<\/li>\n<\/ul>\n<ul>\n<li><strong>Vernetzen und Gestalten. \u00dcber gemeinsame Gesch\u00e4ftsans\u00e4tze von Buchhandlungen und Verlagen im digitalen Zeitalter.<\/strong><br><em>Hauptversammlung der Vereinigung Evangelischer Buchh\u00e4ndler und Verleger, Juni 2010, Kassel<\/em><\/li>\n<\/ul>\n<ul>\n<li><strong>Partner Buchhandel &#8211; Neuer Handlungsauftrag, neue Ans\u00e4tze f\u00fcr Verlage. Konferenz zum Thema: Medienvertrieb 3.0 &#8211; Wie B\u00fccher und E-Medien morgen verkauft werden.<\/strong><br><em> Akademie des deutschen Buchhandels e.V. , Mai 2010, M\u00fcnchen<\/em><\/li>\n<\/ul>\n<ul>\n<li><strong>Lesen vernetzen. Neue Gesch\u00e4ftsans\u00e4tze f\u00fcr Medienunternehmen und Buchhandlungen. <\/strong><br><em>Evangelische Medientage, M\u00e4rz 2010, Gotha.<\/em><\/li>\n<\/ul>\n<ul>\n<li><strong>Quo vadis, Buchhandel? Zum Rollen- und Raumverst\u00e4ndnis station\u00e4rer H\u00e4ndler im Zeitalter von E-Commerce, Communities und Digitalisierung.<\/strong><br><em>Deutscher Geographentag 2009, September 2009, Wien.<\/em><\/li>\n<\/ul>\n<ul>\n<li><strong>Customers\u2019 profiles and motives on reading and book buying. Fortbildungsveranstaltung der belgischen Buchh\u00e4ndlervereinigung boek.de und des Bibliotheksverbandes der \u00d6ffentlichen Bibliotheken in Belgien (VCOB).<\/strong><br><em> Dezember 2007, Br\u00fcssel.<\/em><\/li>\n<\/ul>\n<ul>\n<li><strong>Which customers for which bookshops?<\/strong><br><em> Jahresversammlung der European Booksellers Association (EBF). Mai 2007, Coimbra.<\/em><\/li>\n<\/ul>\n<ul>\n<li><strong>Kennen Sie Ihre Kunden? Auch die von morgen&#8230;? Wie neue Medien das Arbeiten und Verkaufen ver\u00e4ndern werden. Die K\u00e4uferstudie des B\u00f6rsenvereins Jahreshauptversammlung des Landesverbandes Nordrhein-Westfalen. <\/strong><br><em>B\u00f6rsenverein des deutschen Buchhandels. Mai 2007.<\/em><\/li>\n<\/ul>\n<ul>\n<li><strong>Buchhandel und neue Medien \u2013 Das station\u00e4re Sortiment im digitalen Zeitalter. <\/strong><br><em>Hochschule f\u00fcr Wirtschaft, Technik und Kultur, Leipzig. Januar 2007.<\/em><\/li>\n<\/ul>\n<ul>\n<li><strong>Volltextsuche Online \u2013 E-Content &#8211; Books on Demand &#8211; Internet \u2013 Mit welchen Gesch\u00e4ftsmodellen arbeitet der station\u00e4re Buchhandel in der Zukunft? <\/strong><br><em>Frankfurter Buchmesse, Oktober 2006 und Fortbildung f\u00fcr Lehrer und Lehrerinnen an der Berufsschule \u2013 Dezember 2006. Zusammen mit Birgit Menche, Rechtsanw\u00e4ltin, Frankfurt.<\/em><\/li>\n<\/ul>\n<ul>\n<li><strong>\u201eInternet \u2013 Das Ende der Buchhandlungen\u201c. <\/strong><br><em>Vortrag und Diskussion im Rahmen der Tagung \u201eSch\u00f6ne neue virtuelle Welt\u201c der Evangelischen Akademie Tutzing. September 2005.<\/em><\/li>\n<\/ul>\t\t\t\t\t\t\t\t<\/div>\n\t\t\t\t<\/div>\n\t\t\t\t\t<\/div>\n\t\t<\/div>\n\t\t\t\t\t<\/div>\n\t\t<\/section>\n\t\t\t\t<\/div>\n\t\t","protected":false},"excerpt":{"rendered":"<p>Beitr\u00e4ge und Einsch\u00e4tzungen Vom Gestern ins HeuteDas Bibliotheksgesch\u00e4ft aus einer etwas anderen PerspektiveKey Note zur AWS-Tagung in Bensheim, Mai 2016siehe auch: http:\/\/www.b-i-t-online.de\/heft\/2016-03-reportage-muench.pdf K\u00f6nnen Buchhandel und Verlage regional mehr punkten? \u00dcber die Chancen einer standortbezogenen Profilierung.Jahrestagung des Landesverbandes Baden-W\u00fcrttemberg, B\u00f6rsenverein des deutschen Buchhandels, Juni 2015 Eine Frage der Zielgruppe. Zu neuen Ans\u00e4tzen im Buchhandel. In: KNV [&hellip;]<\/p>\n","protected":false},"author":3,"featured_media":0,"parent":34,"menu_order":10,"comment_status":"closed","ping_status":"closed","template":"","meta":{"ocean_post_layout":"","ocean_both_sidebars_style":"","ocean_both_sidebars_content_width":0,"ocean_both_sidebars_sidebars_width":0,"ocean_sidebar":"","ocean_second_sidebar":"","ocean_disable_margins":"enable","ocean_add_body_class":"","ocean_shortcode_before_top_bar":"","ocean_shortcode_after_top_bar":"","ocean_shortcode_before_header":"","ocean_shortcode_after_header":"","ocean_has_shortcode":"","ocean_shortcode_after_title":"","ocean_shortcode_before_footer_widgets":"","ocean_shortcode_after_footer_widgets":"","ocean_shortcode_before_footer_bottom":"","ocean_shortcode_after_footer_bottom":"","ocean_display_top_bar":"default","ocean_display_header":"default","ocean_header_style":"","ocean_center_header_left_menu":"","ocean_custom_header_template":"","ocean_custom_logo":0,"ocean_custom_retina_logo":0,"ocean_custom_logo_max_width":0,"ocean_custom_logo_tablet_max_width":0,"ocean_custom_logo_mobile_max_width":0,"ocean_custom_logo_max_height":0,"ocean_custom_logo_tablet_max_height":0,"ocean_custom_logo_mobile_max_height":0,"ocean_header_custom_menu":"","ocean_menu_typo_font_family":"","ocean_menu_typo_font_subset":"","ocean_menu_typo_font_size":0,"ocean_menu_typo_font_size_tablet":0,"ocean_menu_typo_font_size_mobile":0,"ocean_menu_typo_font_size_unit":"px","ocean_menu_typo_font_weight":"","ocean_menu_typo_font_weight_tablet":"","ocean_menu_typo_font_weight_mobile":"","ocean_menu_typo_transform":"","ocean_menu_typo_transform_tablet":"","ocean_menu_typo_transform_mobile":"","ocean_menu_typo_line_height":0,"ocean_menu_typo_line_height_tablet":0,"ocean_menu_typo_line_height_mobile":0,"ocean_menu_typo_line_height_unit":"","ocean_menu_typo_spacing":0,"ocean_menu_typo_spacing_tablet":0,"ocean_menu_typo_spacing_mobile":0,"ocean_menu_typo_spacing_unit":"","ocean_menu_link_color":"","ocean_menu_link_color_hover":"","ocean_menu_link_color_active":"","ocean_menu_link_background":"","ocean_menu_link_hover_background":"","ocean_menu_link_active_background":"","ocean_menu_social_links_bg":"","ocean_menu_social_hover_links_bg":"","ocean_menu_social_links_color":"","ocean_menu_social_hover_links_color":"","ocean_disable_title":"default","ocean_disable_heading":"default","ocean_post_title":"","ocean_post_subheading":"","ocean_post_title_style":"","ocean_post_title_background_color":"","ocean_post_title_background":0,"ocean_post_title_bg_image_position":"","ocean_post_title_bg_image_attachment":"","ocean_post_title_bg_image_repeat":"","ocean_post_title_bg_image_size":"","ocean_post_title_height":0,"ocean_post_title_bg_overlay":0.5,"ocean_post_title_bg_overlay_color":"","ocean_disable_breadcrumbs":"default","ocean_breadcrumbs_color":"","ocean_breadcrumbs_separator_color":"","ocean_breadcrumbs_links_color":"","ocean_breadcrumbs_links_hover_color":"","ocean_display_footer_widgets":"default","ocean_display_footer_bottom":"default","ocean_custom_footer_template":"","footnotes":""},"class_list":["post-129","page","type-page","status-publish","hentry","entry"],"yoast_head":"<!-- This site is optimized with the Yoast SEO plugin v26.3 - https:\/\/yoast.com\/wordpress\/plugins\/seo\/ -->\n<title>Zukunft der Buchbranche - Dorothea Redeker<\/title>\n<meta name=\"description\" content=\"Publikationen zur Zukunft der Buchbranche, Buchhandel, Fachbuchhandel, Bibliotheken, Dissertation: &quot;Quo vadis Buchhandel&quot;\" \/>\n<meta name=\"robots\" content=\"index, follow, max-snippet:-1, max-image-preview:large, max-video-preview:-1\" \/>\n<link rel=\"canonical\" href=\"https:\/\/dorothea-redeker.de\/dorothea-redeker.de\/publikationen\/zukunft-der-buchbranche\/\" \/>\n<meta property=\"og:locale\" content=\"de_DE\" \/>\n<meta property=\"og:type\" content=\"article\" \/>\n<meta property=\"og:title\" content=\"Zukunft der Buchbranche - Dorothea Redeker\" \/>\n<meta property=\"og:description\" content=\"Publikationen zur Zukunft der Buchbranche, Buchhandel, Fachbuchhandel, Bibliotheken, Dissertation: &quot;Quo vadis Buchhandel&quot;\" \/>\n<meta property=\"og:url\" content=\"https:\/\/dorothea-redeker.de\/dorothea-redeker.de\/publikationen\/zukunft-der-buchbranche\/\" \/>\n<meta property=\"og:site_name\" content=\"Dorothea Redeker\" \/>\n<meta property=\"article:publisher\" content=\"http:\/\/www.dorothea-redeker.de\" \/>\n<meta property=\"article:modified_time\" content=\"2022-10-25T16:55:01+00:00\" \/>\n<meta name=\"twitter:card\" content=\"summary_large_image\" \/>\n<meta name=\"twitter:label1\" content=\"Gesch\u00e4tzte Lesezeit\" \/>\n\t<meta name=\"twitter:data1\" content=\"4\u00a0Minuten\" \/>\n<script type=\"application\/ld+json\" class=\"yoast-schema-graph\">{\"@context\":\"https:\/\/schema.org\",\"@graph\":[{\"@type\":\"WebPage\",\"@id\":\"https:\/\/dorothea-redeker.de\/dorothea-redeker.de\/publikationen\/zukunft-der-buchbranche\/\",\"url\":\"https:\/\/dorothea-redeker.de\/dorothea-redeker.de\/publikationen\/zukunft-der-buchbranche\/\",\"name\":\"Zukunft der Buchbranche - Dorothea Redeker\",\"isPartOf\":{\"@id\":\"https:\/\/dorothea-redeker.de\/dorothea-redeker.de\/#website\"},\"datePublished\":\"2019-05-03T09:12:42+00:00\",\"dateModified\":\"2022-10-25T16:55:01+00:00\",\"description\":\"Publikationen zur Zukunft der Buchbranche, Buchhandel, Fachbuchhandel, Bibliotheken, Dissertation: \\\"Quo vadis Buchhandel\\\"\",\"breadcrumb\":{\"@id\":\"https:\/\/dorothea-redeker.de\/dorothea-redeker.de\/publikationen\/zukunft-der-buchbranche\/#breadcrumb\"},\"inLanguage\":\"de\",\"potentialAction\":[{\"@type\":\"ReadAction\",\"target\":[\"https:\/\/dorothea-redeker.de\/dorothea-redeker.de\/publikationen\/zukunft-der-buchbranche\/\"]}]},{\"@type\":\"BreadcrumbList\",\"@id\":\"https:\/\/dorothea-redeker.de\/dorothea-redeker.de\/publikationen\/zukunft-der-buchbranche\/#breadcrumb\",\"itemListElement\":[{\"@type\":\"ListItem\",\"position\":1,\"name\":\"Startseite\",\"item\":\"https:\/\/dorothea-redeker.de\/dorothea-redeker.de\/\"},{\"@type\":\"ListItem\",\"position\":2,\"name\":\"Publikationen und Vortr\u00e4ge\",\"item\":\"https:\/\/dorothea-redeker.de\/dorothea-redeker.de\/publikationen\/\"},{\"@type\":\"ListItem\",\"position\":3,\"name\":\"Zukunft der Buchbranche\"}]},{\"@type\":\"WebSite\",\"@id\":\"https:\/\/dorothea-redeker.de\/dorothea-redeker.de\/#website\",\"url\":\"https:\/\/dorothea-redeker.de\/dorothea-redeker.de\/\",\"name\":\"Dorothea Redeker\",\"description\":\"\",\"potentialAction\":[{\"@type\":\"SearchAction\",\"target\":{\"@type\":\"EntryPoint\",\"urlTemplate\":\"https:\/\/dorothea-redeker.de\/dorothea-redeker.de\/?s={search_term_string}\"},\"query-input\":{\"@type\":\"PropertyValueSpecification\",\"valueRequired\":true,\"valueName\":\"search_term_string\"}}],\"inLanguage\":\"de\"}]}<\/script>\n<!-- \/ Yoast SEO plugin. -->","yoast_head_json":{"title":"Zukunft der Buchbranche - Dorothea Redeker","description":"Publikationen zur Zukunft der Buchbranche, Buchhandel, Fachbuchhandel, Bibliotheken, Dissertation: \"Quo vadis Buchhandel\"","robots":{"index":"index","follow":"follow","max-snippet":"max-snippet:-1","max-image-preview":"max-image-preview:large","max-video-preview":"max-video-preview:-1"},"canonical":"https:\/\/dorothea-redeker.de\/dorothea-redeker.de\/publikationen\/zukunft-der-buchbranche\/","og_locale":"de_DE","og_type":"article","og_title":"Zukunft der Buchbranche - Dorothea Redeker","og_description":"Publikationen zur Zukunft der Buchbranche, Buchhandel, Fachbuchhandel, Bibliotheken, Dissertation: \"Quo vadis Buchhandel\"","og_url":"https:\/\/dorothea-redeker.de\/dorothea-redeker.de\/publikationen\/zukunft-der-buchbranche\/","og_site_name":"Dorothea Redeker","article_publisher":"http:\/\/www.dorothea-redeker.de","article_modified_time":"2022-10-25T16:55:01+00:00","twitter_card":"summary_large_image","twitter_misc":{"Gesch\u00e4tzte Lesezeit":"4\u00a0Minuten"},"schema":{"@context":"https:\/\/schema.org","@graph":[{"@type":"WebPage","@id":"https:\/\/dorothea-redeker.de\/dorothea-redeker.de\/publikationen\/zukunft-der-buchbranche\/","url":"https:\/\/dorothea-redeker.de\/dorothea-redeker.de\/publikationen\/zukunft-der-buchbranche\/","name":"Zukunft der Buchbranche - Dorothea Redeker","isPartOf":{"@id":"https:\/\/dorothea-redeker.de\/dorothea-redeker.de\/#website"},"datePublished":"2019-05-03T09:12:42+00:00","dateModified":"2022-10-25T16:55:01+00:00","description":"Publikationen zur Zukunft der Buchbranche, Buchhandel, Fachbuchhandel, Bibliotheken, Dissertation: \"Quo vadis Buchhandel\"","breadcrumb":{"@id":"https:\/\/dorothea-redeker.de\/dorothea-redeker.de\/publikationen\/zukunft-der-buchbranche\/#breadcrumb"},"inLanguage":"de","potentialAction":[{"@type":"ReadAction","target":["https:\/\/dorothea-redeker.de\/dorothea-redeker.de\/publikationen\/zukunft-der-buchbranche\/"]}]},{"@type":"BreadcrumbList","@id":"https:\/\/dorothea-redeker.de\/dorothea-redeker.de\/publikationen\/zukunft-der-buchbranche\/#breadcrumb","itemListElement":[{"@type":"ListItem","position":1,"name":"Startseite","item":"https:\/\/dorothea-redeker.de\/dorothea-redeker.de\/"},{"@type":"ListItem","position":2,"name":"Publikationen und Vortr\u00e4ge","item":"https:\/\/dorothea-redeker.de\/dorothea-redeker.de\/publikationen\/"},{"@type":"ListItem","position":3,"name":"Zukunft der Buchbranche"}]},{"@type":"WebSite","@id":"https:\/\/dorothea-redeker.de\/dorothea-redeker.de\/#website","url":"https:\/\/dorothea-redeker.de\/dorothea-redeker.de\/","name":"Dorothea Redeker","description":"","potentialAction":[{"@type":"SearchAction","target":{"@type":"EntryPoint","urlTemplate":"https:\/\/dorothea-redeker.de\/dorothea-redeker.de\/?s={search_term_string}"},"query-input":{"@type":"PropertyValueSpecification","valueRequired":true,"valueName":"search_term_string"}}],"inLanguage":"de"}]}},"_links":{"self":[{"href":"https:\/\/dorothea-redeker.de\/dorothea-redeker.de\/wp-json\/wp\/v2\/pages\/129","targetHints":{"allow":["GET"]}}],"collection":[{"href":"https:\/\/dorothea-redeker.de\/dorothea-redeker.de\/wp-json\/wp\/v2\/pages"}],"about":[{"href":"https:\/\/dorothea-redeker.de\/dorothea-redeker.de\/wp-json\/wp\/v2\/types\/page"}],"author":[{"embeddable":true,"href":"https:\/\/dorothea-redeker.de\/dorothea-redeker.de\/wp-json\/wp\/v2\/users\/3"}],"replies":[{"embeddable":true,"href":"https:\/\/dorothea-redeker.de\/dorothea-redeker.de\/wp-json\/wp\/v2\/comments?post=129"}],"version-history":[{"count":24,"href":"https:\/\/dorothea-redeker.de\/dorothea-redeker.de\/wp-json\/wp\/v2\/pages\/129\/revisions"}],"predecessor-version":[{"id":1756,"href":"https:\/\/dorothea-redeker.de\/dorothea-redeker.de\/wp-json\/wp\/v2\/pages\/129\/revisions\/1756"}],"up":[{"embeddable":true,"href":"https:\/\/dorothea-redeker.de\/dorothea-redeker.de\/wp-json\/wp\/v2\/pages\/34"}],"wp:attachment":[{"href":"https:\/\/dorothea-redeker.de\/dorothea-redeker.de\/wp-json\/wp\/v2\/media?parent=129"}],"curies":[{"name":"wp","href":"https:\/\/api.w.org\/{rel}","templated":true}]}}