{"id":131,"date":"2019-05-03T11:13:23","date_gmt":"2019-05-03T09:13:23","guid":{"rendered":"http:\/\/localhost\/wordpress\/?page_id=131"},"modified":"2022-10-25T18:39:12","modified_gmt":"2022-10-25T16:39:12","slug":"welterbestaetten","status":"publish","type":"page","link":"https:\/\/dorothea-redeker.de\/dorothea-redeker.de\/publikationen\/welterbestaetten\/","title":{"rendered":"Welterbest\u00e4tten"},"content":{"rendered":"\t\t<div data-elementor-type=\"wp-page\" data-elementor-id=\"131\" class=\"elementor elementor-131\">\n\t\t\t\t\t\t<section class=\"elementor-section elementor-top-section elementor-element elementor-element-7e032263 elementor-section-boxed elementor-section-height-default elementor-section-height-default\" data-id=\"7e032263\" data-element_type=\"section\">\n\t\t\t\t\t\t<div class=\"elementor-container elementor-column-gap-default\">\n\t\t\t\t\t<div class=\"elementor-column elementor-col-100 elementor-top-column elementor-element elementor-element-3b9ed652\" data-id=\"3b9ed652\" data-element_type=\"column\">\n\t\t\t<div class=\"elementor-widget-wrap elementor-element-populated\">\n\t\t\t\t\t\t\t<\/div>\n\t\t<\/div>\n\t\t\t\t\t<\/div>\n\t\t<\/section>\n\t\t\t\t<section class=\"elementor-section elementor-top-section elementor-element elementor-element-49f3d4f7 elementor-section-boxed elementor-section-height-default elementor-section-height-default\" data-id=\"49f3d4f7\" data-element_type=\"section\">\n\t\t\t\t\t\t<div class=\"elementor-container elementor-column-gap-default\">\n\t\t\t\t\t<div class=\"elementor-column elementor-col-100 elementor-top-column elementor-element elementor-element-b4859f3\" data-id=\"b4859f3\" data-element_type=\"column\">\n\t\t\t<div class=\"elementor-widget-wrap elementor-element-populated\">\n\t\t\t\t\t\t<div class=\"elementor-element elementor-element-189b4864 elementor-widget elementor-widget-text-editor\" data-id=\"189b4864\" data-element_type=\"widget\" data-widget_type=\"text-editor.default\">\n\t\t\t\t<div class=\"elementor-widget-container\">\n\t\t\t\t\t\t\t\t\t<h3>Beitr\u00e4ge und Einsch\u00e4tzungen<\/h3><p style=\"padding-left: 40px;\"><strong>Vermittlung ist (fast) alles. <\/strong><strong>Zur Akzeptanz der Umgestaltung des Welterbes Kloster Lorsch<\/strong><br \/>SehensWerte Schl\u00f6sser &amp; G\u00e4rten, Hessen. Besuchermagazin Verwaltung Schl\u00f6sser und G\u00e4rten. Bd.9, S. 32-34, 2014.<br \/><a href=\"https:\/\/dorothea-redeker.de\/dorothea-redeker.de\/wp-content\/uploads\/2019\/04\/Redeker_Besuchermagazin_SehensWerte_09.pdf\" target=\"_blank\" rel=\"noopener noreferrer\">Redeker_Besuchermagazin_SehensWerte_09<\/a><\/p><p style=\"padding-left: 40px;\"><strong>Dankesrede zur Verleihung des Ludwig Bergst\u00e4sser Preis an das Kuratorium Weltkulturdenkmal Kloster Lorsch<\/strong> &#8211;\u00a0 Preis der Entega Stiftung 2015<br \/><a href=\"https:\/\/dorothea-redeker.de\/dorothea-redeker.de\/wp-content\/uploads\/2019\/04\/Dankesrede-Redeker.pdf\" target=\"_blank\" rel=\"noopener noreferrer\">Dankesrede-Redeker<\/a><\/p><p style=\"padding-left: 40px;\"><strong>Gedanken zu 25 Jahre Welterbe Kloster Lorsch, anl\u00e4sslich des Festaktes am 13.12.2016<br \/><\/strong> <a href=\"https:\/\/dorothea-redeker.de\/dorothea-redeker.de\/wp-content\/uploads\/2019\/04\/Gedanken-zu-25-Jahre-Welterbe-Kloster-Lorsch.pdf\" target=\"_blank\" rel=\"noopener noreferrer\">Gedanken zu 25 Jahre Welterbe Kloster Lorsch<\/a><\/p><p>\u00a0<\/p>\t\t\t\t\t\t\t\t<\/div>\n\t\t\t\t<\/div>\n\t\t\t\t\t<\/div>\n\t\t<\/div>\n\t\t\t\t\t<\/div>\n\t\t<\/section>\n\t\t\t\t<\/div>\n\t\t","protected":false},"excerpt":{"rendered":"<p>Beitr\u00e4ge und Einsch\u00e4tzungen Vermittlung ist (fast) alles. Zur Akzeptanz der Umgestaltung des Welterbes Kloster LorschSehensWerte Schl\u00f6sser &amp; G\u00e4rten, Hessen. Besuchermagazin Verwaltung Schl\u00f6sser und G\u00e4rten. Bd.9, S. 32-34, 2014.Redeker_Besuchermagazin_SehensWerte_09 Dankesrede zur Verleihung des Ludwig Bergst\u00e4sser Preis an das Kuratorium Weltkulturdenkmal Kloster Lorsch &#8211;\u00a0 Preis der Entega Stiftung 2015Dankesrede-Redeker Gedanken zu 25 Jahre Welterbe Kloster Lorsch, anl\u00e4sslich [&hellip;]<\/p>\n","protected":false},"author":3,"featured_media":0,"parent":34,"menu_order":30,"comment_status":"closed","ping_status":"closed","template":"","meta":{"ocean_post_layout":"","ocean_both_sidebars_style":"","ocean_both_sidebars_content_width":0,"ocean_both_sidebars_sidebars_width":0,"ocean_sidebar":"","ocean_second_sidebar":"","ocean_disable_margins":"enable","ocean_add_body_class":"","ocean_shortcode_before_top_bar":"","ocean_shortcode_after_top_bar":"","ocean_shortcode_before_header":"","ocean_shortcode_after_header":"","ocean_has_shortcode":"","ocean_shortcode_after_title":"","ocean_shortcode_before_footer_widgets":"","ocean_shortcode_after_footer_widgets":"","ocean_shortcode_before_footer_bottom":"","ocean_shortcode_after_footer_bottom":"","ocean_display_top_bar":"default","ocean_display_header":"default","ocean_header_style":"","ocean_center_header_left_menu":"","ocean_custom_header_template":"","ocean_custom_logo":0,"ocean_custom_retina_logo":0,"ocean_custom_logo_max_width":0,"ocean_custom_logo_tablet_max_width":0,"ocean_custom_logo_mobile_max_width":0,"ocean_custom_logo_max_height":0,"ocean_custom_logo_tablet_max_height":0,"ocean_custom_logo_mobile_max_height":0,"ocean_header_custom_menu":"","ocean_menu_typo_font_family":"","ocean_menu_typo_font_subset":"","ocean_menu_typo_font_size":0,"ocean_menu_typo_font_size_tablet":0,"ocean_menu_typo_font_size_mobile":0,"ocean_menu_typo_font_size_unit":"px","ocean_menu_typo_font_weight":"","ocean_menu_typo_font_weight_tablet":"","ocean_menu_typo_font_weight_mobile":"","ocean_menu_typo_transform":"","ocean_menu_typo_transform_tablet":"","ocean_menu_typo_transform_mobile":"","ocean_menu_typo_line_height":0,"ocean_menu_typo_line_height_tablet":0,"ocean_menu_typo_line_height_mobile":0,"ocean_menu_typo_line_height_unit":"","ocean_menu_typo_spacing":0,"ocean_menu_typo_spacing_tablet":0,"ocean_menu_typo_spacing_mobile":0,"ocean_menu_typo_spacing_unit":"","ocean_menu_link_color":"","ocean_menu_link_color_hover":"","ocean_menu_link_color_active":"","ocean_menu_link_background":"","ocean_menu_link_hover_background":"","ocean_menu_link_active_background":"","ocean_menu_social_links_bg":"","ocean_menu_social_hover_links_bg":"","ocean_menu_social_links_color":"","ocean_menu_social_hover_links_color":"","ocean_disable_title":"default","ocean_disable_heading":"default","ocean_post_title":"","ocean_post_subheading":"","ocean_post_title_style":"","ocean_post_title_background_color":"","ocean_post_title_background":0,"ocean_post_title_bg_image_position":"","ocean_post_title_bg_image_attachment":"","ocean_post_title_bg_image_repeat":"","ocean_post_title_bg_image_size":"","ocean_post_title_height":0,"ocean_post_title_bg_overlay":0.5,"ocean_post_title_bg_overlay_color":"","ocean_disable_breadcrumbs":"default","ocean_breadcrumbs_color":"","ocean_breadcrumbs_separator_color":"","ocean_breadcrumbs_links_color":"","ocean_breadcrumbs_links_hover_color":"","ocean_display_footer_widgets":"default","ocean_display_footer_bottom":"default","ocean_custom_footer_template":"","footnotes":""},"class_list":["post-131","page","type-page","status-publish","hentry","entry"],"yoast_head":"<!-- This site is optimized with the Yoast SEO plugin v26.3 - https:\/\/yoast.com\/wordpress\/plugins\/seo\/ -->\n<title>Welterbest\u00e4tten - Dorothea Redeker<\/title>\n<meta name=\"robots\" content=\"index, follow, max-snippet:-1, max-image-preview:large, max-video-preview:-1\" \/>\n<link rel=\"canonical\" href=\"https:\/\/dorothea-redeker.de\/dorothea-redeker.de\/publikationen\/welterbestaetten\/\" \/>\n<meta property=\"og:locale\" content=\"de_DE\" \/>\n<meta property=\"og:type\" content=\"article\" \/>\n<meta property=\"og:title\" content=\"Welterbest\u00e4tten - Dorothea Redeker\" \/>\n<meta property=\"og:description\" content=\"Beitr\u00e4ge und Einsch\u00e4tzungen Vermittlung ist (fast) alles. Zur Akzeptanz der Umgestaltung des Welterbes Kloster LorschSehensWerte Schl\u00f6sser &amp; G\u00e4rten, Hessen. Besuchermagazin Verwaltung Schl\u00f6sser und G\u00e4rten. Bd.9, S. 32-34, 2014.Redeker_Besuchermagazin_SehensWerte_09 Dankesrede zur Verleihung des Ludwig Bergst\u00e4sser Preis an das Kuratorium Weltkulturdenkmal Kloster Lorsch &#8211;\u00a0 Preis der Entega Stiftung 2015Dankesrede-Redeker Gedanken zu 25 Jahre Welterbe Kloster Lorsch, anl\u00e4sslich [&hellip;]\" \/>\n<meta property=\"og:url\" content=\"https:\/\/dorothea-redeker.de\/dorothea-redeker.de\/publikationen\/welterbestaetten\/\" \/>\n<meta property=\"og:site_name\" content=\"Dorothea Redeker\" \/>\n<meta property=\"article:publisher\" content=\"http:\/\/www.dorothea-redeker.de\" \/>\n<meta property=\"article:modified_time\" content=\"2022-10-25T16:39:12+00:00\" \/>\n<meta name=\"twitter:card\" content=\"summary_large_image\" \/>\n<meta name=\"twitter:label1\" content=\"Gesch\u00e4tzte Lesezeit\" \/>\n\t<meta name=\"twitter:data1\" content=\"1\u00a0Minute\" \/>\n<script type=\"application\/ld+json\" class=\"yoast-schema-graph\">{\"@context\":\"https:\/\/schema.org\",\"@graph\":[{\"@type\":\"WebPage\",\"@id\":\"https:\/\/dorothea-redeker.de\/dorothea-redeker.de\/publikationen\/welterbestaetten\/\",\"url\":\"https:\/\/dorothea-redeker.de\/dorothea-redeker.de\/publikationen\/welterbestaetten\/\",\"name\":\"Welterbest\u00e4tten - Dorothea Redeker\",\"isPartOf\":{\"@id\":\"https:\/\/dorothea-redeker.de\/dorothea-redeker.de\/#website\"},\"datePublished\":\"2019-05-03T09:13:23+00:00\",\"dateModified\":\"2022-10-25T16:39:12+00:00\",\"breadcrumb\":{\"@id\":\"https:\/\/dorothea-redeker.de\/dorothea-redeker.de\/publikationen\/welterbestaetten\/#breadcrumb\"},\"inLanguage\":\"de\",\"potentialAction\":[{\"@type\":\"ReadAction\",\"target\":[\"https:\/\/dorothea-redeker.de\/dorothea-redeker.de\/publikationen\/welterbestaetten\/\"]}]},{\"@type\":\"BreadcrumbList\",\"@id\":\"https:\/\/dorothea-redeker.de\/dorothea-redeker.de\/publikationen\/welterbestaetten\/#breadcrumb\",\"itemListElement\":[{\"@type\":\"ListItem\",\"position\":1,\"name\":\"Startseite\",\"item\":\"https:\/\/dorothea-redeker.de\/dorothea-redeker.de\/\"},{\"@type\":\"ListItem\",\"position\":2,\"name\":\"Publikationen und Vortr\u00e4ge\",\"item\":\"https:\/\/dorothea-redeker.de\/dorothea-redeker.de\/publikationen\/\"},{\"@type\":\"ListItem\",\"position\":3,\"name\":\"Welterbest\u00e4tten\"}]},{\"@type\":\"WebSite\",\"@id\":\"https:\/\/dorothea-redeker.de\/dorothea-redeker.de\/#website\",\"url\":\"https:\/\/dorothea-redeker.de\/dorothea-redeker.de\/\",\"name\":\"Dorothea Redeker\",\"description\":\"\",\"potentialAction\":[{\"@type\":\"SearchAction\",\"target\":{\"@type\":\"EntryPoint\",\"urlTemplate\":\"https:\/\/dorothea-redeker.de\/dorothea-redeker.de\/?s={search_term_string}\"},\"query-input\":{\"@type\":\"PropertyValueSpecification\",\"valueRequired\":true,\"valueName\":\"search_term_string\"}}],\"inLanguage\":\"de\"}]}<\/script>\n<!-- \/ Yoast SEO plugin. -->","yoast_head_json":{"title":"Welterbest\u00e4tten - Dorothea Redeker","robots":{"index":"index","follow":"follow","max-snippet":"max-snippet:-1","max-image-preview":"max-image-preview:large","max-video-preview":"max-video-preview:-1"},"canonical":"https:\/\/dorothea-redeker.de\/dorothea-redeker.de\/publikationen\/welterbestaetten\/","og_locale":"de_DE","og_type":"article","og_title":"Welterbest\u00e4tten - Dorothea Redeker","og_description":"Beitr\u00e4ge und Einsch\u00e4tzungen Vermittlung ist (fast) alles. Zur Akzeptanz der Umgestaltung des Welterbes Kloster LorschSehensWerte Schl\u00f6sser &amp; G\u00e4rten, Hessen. Besuchermagazin Verwaltung Schl\u00f6sser und G\u00e4rten. Bd.9, S. 32-34, 2014.Redeker_Besuchermagazin_SehensWerte_09 Dankesrede zur Verleihung des Ludwig Bergst\u00e4sser Preis an das Kuratorium Weltkulturdenkmal Kloster Lorsch &#8211;\u00a0 Preis der Entega Stiftung 2015Dankesrede-Redeker Gedanken zu 25 Jahre Welterbe Kloster Lorsch, anl\u00e4sslich [&hellip;]","og_url":"https:\/\/dorothea-redeker.de\/dorothea-redeker.de\/publikationen\/welterbestaetten\/","og_site_name":"Dorothea Redeker","article_publisher":"http:\/\/www.dorothea-redeker.de","article_modified_time":"2022-10-25T16:39:12+00:00","twitter_card":"summary_large_image","twitter_misc":{"Gesch\u00e4tzte Lesezeit":"1\u00a0Minute"},"schema":{"@context":"https:\/\/schema.org","@graph":[{"@type":"WebPage","@id":"https:\/\/dorothea-redeker.de\/dorothea-redeker.de\/publikationen\/welterbestaetten\/","url":"https:\/\/dorothea-redeker.de\/dorothea-redeker.de\/publikationen\/welterbestaetten\/","name":"Welterbest\u00e4tten - Dorothea Redeker","isPartOf":{"@id":"https:\/\/dorothea-redeker.de\/dorothea-redeker.de\/#website"},"datePublished":"2019-05-03T09:13:23+00:00","dateModified":"2022-10-25T16:39:12+00:00","breadcrumb":{"@id":"https:\/\/dorothea-redeker.de\/dorothea-redeker.de\/publikationen\/welterbestaetten\/#breadcrumb"},"inLanguage":"de","potentialAction":[{"@type":"ReadAction","target":["https:\/\/dorothea-redeker.de\/dorothea-redeker.de\/publikationen\/welterbestaetten\/"]}]},{"@type":"BreadcrumbList","@id":"https:\/\/dorothea-redeker.de\/dorothea-redeker.de\/publikationen\/welterbestaetten\/#breadcrumb","itemListElement":[{"@type":"ListItem","position":1,"name":"Startseite","item":"https:\/\/dorothea-redeker.de\/dorothea-redeker.de\/"},{"@type":"ListItem","position":2,"name":"Publikationen und Vortr\u00e4ge","item":"https:\/\/dorothea-redeker.de\/dorothea-redeker.de\/publikationen\/"},{"@type":"ListItem","position":3,"name":"Welterbest\u00e4tten"}]},{"@type":"WebSite","@id":"https:\/\/dorothea-redeker.de\/dorothea-redeker.de\/#website","url":"https:\/\/dorothea-redeker.de\/dorothea-redeker.de\/","name":"Dorothea Redeker","description":"","potentialAction":[{"@type":"SearchAction","target":{"@type":"EntryPoint","urlTemplate":"https:\/\/dorothea-redeker.de\/dorothea-redeker.de\/?s={search_term_string}"},"query-input":{"@type":"PropertyValueSpecification","valueRequired":true,"valueName":"search_term_string"}}],"inLanguage":"de"}]}},"_links":{"self":[{"href":"https:\/\/dorothea-redeker.de\/dorothea-redeker.de\/wp-json\/wp\/v2\/pages\/131","targetHints":{"allow":["GET"]}}],"collection":[{"href":"https:\/\/dorothea-redeker.de\/dorothea-redeker.de\/wp-json\/wp\/v2\/pages"}],"about":[{"href":"https:\/\/dorothea-redeker.de\/dorothea-redeker.de\/wp-json\/wp\/v2\/types\/page"}],"author":[{"embeddable":true,"href":"https:\/\/dorothea-redeker.de\/dorothea-redeker.de\/wp-json\/wp\/v2\/users\/3"}],"replies":[{"embeddable":true,"href":"https:\/\/dorothea-redeker.de\/dorothea-redeker.de\/wp-json\/wp\/v2\/comments?post=131"}],"version-history":[{"count":20,"href":"https:\/\/dorothea-redeker.de\/dorothea-redeker.de\/wp-json\/wp\/v2\/pages\/131\/revisions"}],"predecessor-version":[{"id":1745,"href":"https:\/\/dorothea-redeker.de\/dorothea-redeker.de\/wp-json\/wp\/v2\/pages\/131\/revisions\/1745"}],"up":[{"embeddable":true,"href":"https:\/\/dorothea-redeker.de\/dorothea-redeker.de\/wp-json\/wp\/v2\/pages\/34"}],"wp:attachment":[{"href":"https:\/\/dorothea-redeker.de\/dorothea-redeker.de\/wp-json\/wp\/v2\/media?parent=131"}],"curies":[{"name":"wp","href":"https:\/\/api.w.org\/{rel}","templated":true}]}}