{"id":163,"date":"2025-02-25T10:43:11","date_gmt":"2025-02-25T09:43:11","guid":{"rendered":"http:\/\/localhost\/wordpress\/?page_id=163"},"modified":"2025-02-25T16:11:34","modified_gmt":"2025-02-25T15:11:34","slug":"datenschutz","status":"publish","type":"page","link":"https:\/\/dorothea-redeker.de\/dorothea-redeker.de\/datenschutz\/","title":{"rendered":"Datenschutz"},"content":{"rendered":"<p><span style=\"font-family: helvetica, arial, sans-serif;\">Die Adresse dieser Webseite lautet; www.dorothea-redeker.de. Zu Fragen des Datenschutzes wenden Sie sich bitte an Dorothea Redeker, <a href=\"mailto:beratung@dorothea-redeker.de\">drede(a)dorothea-redeker.de<\/a>.\u00a0 <\/span><\/p>\n<p><span style=\"font-family: helvetica, arial, sans-serif;\">Wir nehmen den Schutz Ihrer pers\u00f6nlichen Daten sehr ernst und halten uns strikt an die Regeln der Datenschutzgesetze. Die nachfolgende Erkl\u00e4rung gibt Ihnen einen \u00dcberblick dar\u00fcber, wie wir diesen Schutz gew\u00e4hrleisten und welche Art von Daten zu welchem Zweck erhoben werden, insbesondere nach Artikel (Art.) 13, 15-18 und 21 der Datenschutz-Grundverordnung (DSGVO), g\u00fctig ab 25.5.2018<\/span><\/p>\n<h3><span style=\"font-family: helvetica, arial, sans-serif;\">Datenverarbeitung auf dieser Internetseite<\/span><\/h3>\n<p><span style=\"font-family: helvetica, arial, sans-serif;\">Personenbezogene Daten werden auf dieser Webseite nur im technisch notwendigen Umfang erhoben. Diese Website erhebt und speichert automatisch in ihren Server Log Files Informationen, die Ihr Browser an uns \u00fcbermittelt. Dies sind:<\/span><\/p>\n<ul>\n<li><span style=\"font-family: helvetica, arial, sans-serif;\">Browsertyp\/ -version<\/span><\/li>\n<li><span style=\"font-family: helvetica, arial, sans-serif;\">verwendetes Betriebssystem<\/span><\/li>\n<li><span style=\"font-family: helvetica, arial, sans-serif;\">Referrer URL (die zuvor besuchte Seite)<\/span><\/li>\n<li><span style=\"font-family: helvetica, arial, sans-serif;\">Hostname des zugreifenden Rechners (IP Adresse)<\/span><\/li>\n<li><span style=\"font-family: helvetica, arial, sans-serif;\">Uhrzeit der Serveranfrage<\/span><\/li>\n<li><span style=\"font-family: helvetica, arial, sans-serif;\">\u00fcbertragene Bytes<\/span><\/li>\n<\/ul>\n<p><span style=\"font-family: helvetica, arial, sans-serif;\">Diese Daten sind f\u00fcr uns nicht bestimmten Personen zuordenbar. Eine Zusammenf\u00fchrung dieser Daten mit anderen Datenquellen wird nicht vorgenommen.<\/span><\/p>\n<h3><span style=\"font-family: helvetica, arial, sans-serif;\">Cookies<\/span><\/h3>\n<p><span style=\"font-family: helvetica, arial, sans-serif;\">Die Internetseiten verwenden an mehreren Stellen so genannte Cookies. Sie dienen dazu, unser Angebot nutzerfreundlicher, effektiver und sicherer zu machen. Cookies sind kleine Textdateien, die auf Ihrem Rechner abgelegt werden und die Ihr Browser speichert. Mit Hilfe dieser \u201eCookies\u201c k\u00f6nnen bei dem Aufruf unserer Webseite Daten auf Ihrem Rechner gespeichert werden. Sie haben die M\u00f6glichkeit, das Abspeichern von Cookies auf Ihrem Rechner durch entsprechende Einstellungen in Ihrem Browser zu verhindern. Hierdurch k\u00f6nnten allerdings der Funktionsumfang unseres Angebotes eingeschr\u00e4nkt werden. Cookies richten auf Ihrem Rechner keinen Schaden an und enthalten keine Viren.<\/span><\/p>\n<h3><span style=\"font-family: helvetica, arial, sans-serif;\">Datenerhebung und -verarbeitung Ihrer Daten<\/span><\/h3>\n<p><span style=\"font-family: helvetica, arial, sans-serif;\">Personenbezogene Daten werden von uns nur dann und nur in dem Umfang erhoben, wie Sie sie uns mit Ihrer Kenntnis selbst zur Verf\u00fcgung stellen.<\/span><\/p>\n<p><span style=\"font-family: helvetica, arial, sans-serif;\">Mit der \u00dcbermittlung der Daten an uns stimmen Sie der Erhebung, Verarbeitung und Nutzung der im Zusammenhang mit der Gesch\u00e4ftsbeziehung erhaltenen Daten ausdr\u00fccklich zu. Sie haben jederzeit ein Widerrufsrecht hinsichtlich einer erteilten Einwilligung.<br \/>\n<\/span><\/p>\n<p><span style=\"font-family: helvetica, arial, sans-serif;\">Die f\u00fcr die Gesch\u00e4ftsabwicklung und -beziehung erforderlichen Kundendaten werden gespeichert und im Rahmen der Kontaktaufnahme verarbeitet. Hier handelt es sich in der Regel um Name, E-Mail-Adresse, Anschrift, Telefonnummer oder Telefaxnummer. Sie haben das Recht auf Berichtigung falscher Daten und auf die Verarbeitungseinschr\u00e4nkung oder L\u00f6schung Ihrer personenbezogenen Daten, sofern Ihr Wunsch nicht mit einer gesetzlichen Pflicht zur Aufbewahrung von Daten kollidiert.<br \/>\n<\/span><\/p>\n<p><span style=\"font-family: helvetica, arial, sans-serif,;\">Wenn Sie eine Berichtigung, Sperrung, L\u00f6schung oder Auskunft \u00fcber die zu Ihrer Person gespeicherten personenbezogenen Daten w\u00fcnschen oder Fragen bzgl. der Erhebung, Verarbeitung oder Verwendung Ihrer personenbezogenen Daten haben oder erteilte Einwilligungen widerrufen m\u00f6chten, wenden Sie sich bitte an: <a href=\"mailto:beratung@dorothea-redeker.de\">drede(a)dorothea-redeker.de<\/a>.<\/span><\/p>\n<p><span style=\"font-family: helvetica, arial, sans-serif;\">Eine Weitergabe der Daten an Dritte erfolgt ohne Ihre Einwilligung nur dann, wenn wir hierzu gesetzlich verpflichtet sind.<\/span><\/p>\n<h3><span style=\"font-family: helvetica, arial, sans-serif;\">Auskunftsrecht<\/span><\/h3>\n<p><span style=\"font-family: helvetica, arial, sans-serif;\">Sie haben jederzeit das Recht auf Auskunft \u00fcber die bez\u00fcglich Ihrer Person gespeicherten Daten, deren Herkunft und Empf\u00e4nger sowie den Zweck der Speicherung. Wenn Sie eine Berichtigung, Sperrung, L\u00f6schung oder Auskunft \u00fcber die zu Ihrer Person gespeicherten personenbezogenen Daten w\u00fcnschen oder Fragen bzgl. der Erhebung, Verarbeitung oder Verwendung Ihrer personenbezogenen Daten haben oder erteilte Einwilligungen widerrufen m\u00f6chten, wenden Sie sich bitte an: <a href=\"mailto:beratung@dorothea-redeker.de\">drede(a)dorothea-redeker.de<\/a>.\u00a0 <\/span><\/p>\n<h3><span style=\"font-family: helvetica, arial, sans-serif;\">Weitere Informationen<\/span><\/h3>\n<p><span style=\"font-family: helvetica, arial, sans-serif;\">Ihr Vertrauen ist uns wichtig. Daher m\u00f6chten wir Ihnen jederzeit Rede und Antwort bez\u00fcglich der Verarbeitung Ihrer personenbezogenen Daten stehen. Wenn Sie Fragen haben, die Ihnen diese Datenschutzerkl\u00e4rung nicht beantworten konnte oder wenn Sie zu einem Punkt vertiefte Informationen w\u00fcnschen, wenden Sie sich bitte jederzeit per E-Mail an Dorothea Redeker <a href=\"mailto:beratung@dorothea-redeker.de\">drede(a)dorothea-redeker.de<\/a>.<\/span><\/p>\n","protected":false},"excerpt":{"rendered":"<p>Die Adresse dieser Webseite lautet; www.dorothea-redeker.de. Zu Fragen des Datenschutzes wenden Sie sich bitte an Dorothea Redeker, drede(a)dorothea-redeker.de.\u00a0 Wir nehmen den Schutz Ihrer pers\u00f6nlichen Daten sehr ernst und halten uns strikt an die Regeln der Datenschutzgesetze. Die nachfolgende Erkl\u00e4rung gibt Ihnen einen \u00dcberblick dar\u00fcber, wie wir diesen Schutz gew\u00e4hrleisten und welche Art von Daten zu [&hellip;]<\/p>\n","protected":false},"author":3,"featured_media":0,"parent":0,"menu_order":0,"comment_status":"closed","ping_status":"closed","template":"","meta":{"ocean_post_layout":"","ocean_both_sidebars_style":"","ocean_both_sidebars_content_width":0,"ocean_both_sidebars_sidebars_width":0,"ocean_sidebar":"0","ocean_second_sidebar":"0","ocean_disable_margins":"enable","ocean_add_body_class":"","ocean_shortcode_before_top_bar":"","ocean_shortcode_after_top_bar":"","ocean_shortcode_before_header":"","ocean_shortcode_after_header":"","ocean_has_shortcode":"","ocean_shortcode_after_title":"","ocean_shortcode_before_footer_widgets":"","ocean_shortcode_after_footer_widgets":"","ocean_shortcode_before_footer_bottom":"","ocean_shortcode_after_footer_bottom":"","ocean_display_top_bar":"default","ocean_display_header":"default","ocean_header_style":"","ocean_center_header_left_menu":"0","ocean_custom_header_template":"0","ocean_custom_logo":0,"ocean_custom_retina_logo":0,"ocean_custom_logo_max_width":0,"ocean_custom_logo_tablet_max_width":0,"ocean_custom_logo_mobile_max_width":0,"ocean_custom_logo_max_height":0,"ocean_custom_logo_tablet_max_height":0,"ocean_custom_logo_mobile_max_height":0,"ocean_header_custom_menu":"0","ocean_menu_typo_font_family":"0","ocean_menu_typo_font_subset":"","ocean_menu_typo_font_size":0,"ocean_menu_typo_font_size_tablet":0,"ocean_menu_typo_font_size_mobile":0,"ocean_menu_typo_font_size_unit":"px","ocean_menu_typo_font_weight":"","ocean_menu_typo_font_weight_tablet":"","ocean_menu_typo_font_weight_mobile":"","ocean_menu_typo_transform":"","ocean_menu_typo_transform_tablet":"","ocean_menu_typo_transform_mobile":"","ocean_menu_typo_line_height":0,"ocean_menu_typo_line_height_tablet":0,"ocean_menu_typo_line_height_mobile":0,"ocean_menu_typo_line_height_unit":"","ocean_menu_typo_spacing":0,"ocean_menu_typo_spacing_tablet":0,"ocean_menu_typo_spacing_mobile":0,"ocean_menu_typo_spacing_unit":"","ocean_menu_link_color":"","ocean_menu_link_color_hover":"","ocean_menu_link_color_active":"","ocean_menu_link_background":"","ocean_menu_link_hover_background":"","ocean_menu_link_active_background":"","ocean_menu_social_links_bg":"","ocean_menu_social_hover_links_bg":"","ocean_menu_social_links_color":"","ocean_menu_social_hover_links_color":"","ocean_disable_title":"default","ocean_disable_heading":"default","ocean_post_title":"","ocean_post_subheading":"","ocean_post_title_style":"","ocean_post_title_background_color":"","ocean_post_title_background":0,"ocean_post_title_bg_image_position":"","ocean_post_title_bg_image_attachment":"","ocean_post_title_bg_image_repeat":"","ocean_post_title_bg_image_size":"","ocean_post_title_height":0,"ocean_post_title_bg_overlay":0.5,"ocean_post_title_bg_overlay_color":"","ocean_disable_breadcrumbs":"default","ocean_breadcrumbs_color":"","ocean_breadcrumbs_separator_color":"","ocean_breadcrumbs_links_color":"","ocean_breadcrumbs_links_hover_color":"","ocean_display_footer_widgets":"default","ocean_display_footer_bottom":"default","ocean_custom_footer_template":"0","footnotes":""},"class_list":["post-163","page","type-page","status-publish","hentry","entry"],"yoast_head":"<!-- This site is optimized with the Yoast SEO plugin v26.3 - https:\/\/yoast.com\/wordpress\/plugins\/seo\/ -->\n<title>Datenschutz - Dorothea Redeker<\/title>\n<meta name=\"robots\" content=\"index, follow, max-snippet:-1, max-image-preview:large, max-video-preview:-1\" \/>\n<link rel=\"canonical\" href=\"https:\/\/dorothea-redeker.de\/dorothea-redeker.de\/datenschutz\/\" \/>\n<meta property=\"og:locale\" content=\"de_DE\" \/>\n<meta property=\"og:type\" content=\"article\" \/>\n<meta property=\"og:title\" content=\"Datenschutz - Dorothea Redeker\" \/>\n<meta property=\"og:description\" content=\"Die Adresse dieser Webseite lautet; www.dorothea-redeker.de. Zu Fragen des Datenschutzes wenden Sie sich bitte an Dorothea Redeker, drede(a)dorothea-redeker.de.\u00a0 Wir nehmen den Schutz Ihrer pers\u00f6nlichen Daten sehr ernst und halten uns strikt an die Regeln der Datenschutzgesetze. Die nachfolgende Erkl\u00e4rung gibt Ihnen einen \u00dcberblick dar\u00fcber, wie wir diesen Schutz gew\u00e4hrleisten und welche Art von Daten zu [&hellip;]\" \/>\n<meta property=\"og:url\" content=\"https:\/\/dorothea-redeker.de\/dorothea-redeker.de\/datenschutz\/\" \/>\n<meta property=\"og:site_name\" content=\"Dorothea Redeker\" \/>\n<meta property=\"article:publisher\" content=\"http:\/\/www.dorothea-redeker.de\" \/>\n<meta property=\"article:modified_time\" content=\"2025-02-25T15:11:34+00:00\" \/>\n<meta name=\"twitter:card\" content=\"summary_large_image\" \/>\n<meta name=\"twitter:label1\" content=\"Gesch\u00e4tzte Lesezeit\" \/>\n\t<meta name=\"twitter:data1\" content=\"3\u00a0Minuten\" \/>\n<script type=\"application\/ld+json\" class=\"yoast-schema-graph\">{\"@context\":\"https:\/\/schema.org\",\"@graph\":[{\"@type\":\"WebPage\",\"@id\":\"https:\/\/dorothea-redeker.de\/dorothea-redeker.de\/datenschutz\/\",\"url\":\"https:\/\/dorothea-redeker.de\/dorothea-redeker.de\/datenschutz\/\",\"name\":\"Datenschutz - Dorothea Redeker\",\"isPartOf\":{\"@id\":\"https:\/\/dorothea-redeker.de\/dorothea-redeker.de\/#website\"},\"datePublished\":\"2025-02-25T09:43:11+00:00\",\"dateModified\":\"2025-02-25T15:11:34+00:00\",\"breadcrumb\":{\"@id\":\"https:\/\/dorothea-redeker.de\/dorothea-redeker.de\/datenschutz\/#breadcrumb\"},\"inLanguage\":\"de\",\"potentialAction\":[{\"@type\":\"ReadAction\",\"target\":[\"https:\/\/dorothea-redeker.de\/dorothea-redeker.de\/datenschutz\/\"]}]},{\"@type\":\"BreadcrumbList\",\"@id\":\"https:\/\/dorothea-redeker.de\/dorothea-redeker.de\/datenschutz\/#breadcrumb\",\"itemListElement\":[{\"@type\":\"ListItem\",\"position\":1,\"name\":\"Startseite\",\"item\":\"https:\/\/dorothea-redeker.de\/dorothea-redeker.de\/\"},{\"@type\":\"ListItem\",\"position\":2,\"name\":\"Datenschutz\"}]},{\"@type\":\"WebSite\",\"@id\":\"https:\/\/dorothea-redeker.de\/dorothea-redeker.de\/#website\",\"url\":\"https:\/\/dorothea-redeker.de\/dorothea-redeker.de\/\",\"name\":\"Dorothea Redeker\",\"description\":\"\",\"potentialAction\":[{\"@type\":\"SearchAction\",\"target\":{\"@type\":\"EntryPoint\",\"urlTemplate\":\"https:\/\/dorothea-redeker.de\/dorothea-redeker.de\/?s={search_term_string}\"},\"query-input\":{\"@type\":\"PropertyValueSpecification\",\"valueRequired\":true,\"valueName\":\"search_term_string\"}}],\"inLanguage\":\"de\"}]}<\/script>\n<!-- \/ Yoast SEO plugin. -->","yoast_head_json":{"title":"Datenschutz - Dorothea Redeker","robots":{"index":"index","follow":"follow","max-snippet":"max-snippet:-1","max-image-preview":"max-image-preview:large","max-video-preview":"max-video-preview:-1"},"canonical":"https:\/\/dorothea-redeker.de\/dorothea-redeker.de\/datenschutz\/","og_locale":"de_DE","og_type":"article","og_title":"Datenschutz - Dorothea Redeker","og_description":"Die Adresse dieser Webseite lautet; www.dorothea-redeker.de. Zu Fragen des Datenschutzes wenden Sie sich bitte an Dorothea Redeker, drede(a)dorothea-redeker.de.\u00a0 Wir nehmen den Schutz Ihrer pers\u00f6nlichen Daten sehr ernst und halten uns strikt an die Regeln der Datenschutzgesetze. Die nachfolgende Erkl\u00e4rung gibt Ihnen einen \u00dcberblick dar\u00fcber, wie wir diesen Schutz gew\u00e4hrleisten und welche Art von Daten zu [&hellip;]","og_url":"https:\/\/dorothea-redeker.de\/dorothea-redeker.de\/datenschutz\/","og_site_name":"Dorothea Redeker","article_publisher":"http:\/\/www.dorothea-redeker.de","article_modified_time":"2025-02-25T15:11:34+00:00","twitter_card":"summary_large_image","twitter_misc":{"Gesch\u00e4tzte Lesezeit":"3\u00a0Minuten"},"schema":{"@context":"https:\/\/schema.org","@graph":[{"@type":"WebPage","@id":"https:\/\/dorothea-redeker.de\/dorothea-redeker.de\/datenschutz\/","url":"https:\/\/dorothea-redeker.de\/dorothea-redeker.de\/datenschutz\/","name":"Datenschutz - Dorothea Redeker","isPartOf":{"@id":"https:\/\/dorothea-redeker.de\/dorothea-redeker.de\/#website"},"datePublished":"2025-02-25T09:43:11+00:00","dateModified":"2025-02-25T15:11:34+00:00","breadcrumb":{"@id":"https:\/\/dorothea-redeker.de\/dorothea-redeker.de\/datenschutz\/#breadcrumb"},"inLanguage":"de","potentialAction":[{"@type":"ReadAction","target":["https:\/\/dorothea-redeker.de\/dorothea-redeker.de\/datenschutz\/"]}]},{"@type":"BreadcrumbList","@id":"https:\/\/dorothea-redeker.de\/dorothea-redeker.de\/datenschutz\/#breadcrumb","itemListElement":[{"@type":"ListItem","position":1,"name":"Startseite","item":"https:\/\/dorothea-redeker.de\/dorothea-redeker.de\/"},{"@type":"ListItem","position":2,"name":"Datenschutz"}]},{"@type":"WebSite","@id":"https:\/\/dorothea-redeker.de\/dorothea-redeker.de\/#website","url":"https:\/\/dorothea-redeker.de\/dorothea-redeker.de\/","name":"Dorothea Redeker","description":"","potentialAction":[{"@type":"SearchAction","target":{"@type":"EntryPoint","urlTemplate":"https:\/\/dorothea-redeker.de\/dorothea-redeker.de\/?s={search_term_string}"},"query-input":{"@type":"PropertyValueSpecification","valueRequired":true,"valueName":"search_term_string"}}],"inLanguage":"de"}]}},"_links":{"self":[{"href":"https:\/\/dorothea-redeker.de\/dorothea-redeker.de\/wp-json\/wp\/v2\/pages\/163","targetHints":{"allow":["GET"]}}],"collection":[{"href":"https:\/\/dorothea-redeker.de\/dorothea-redeker.de\/wp-json\/wp\/v2\/pages"}],"about":[{"href":"https:\/\/dorothea-redeker.de\/dorothea-redeker.de\/wp-json\/wp\/v2\/types\/page"}],"author":[{"embeddable":true,"href":"https:\/\/dorothea-redeker.de\/dorothea-redeker.de\/wp-json\/wp\/v2\/users\/3"}],"replies":[{"embeddable":true,"href":"https:\/\/dorothea-redeker.de\/dorothea-redeker.de\/wp-json\/wp\/v2\/comments?post=163"}],"version-history":[{"count":11,"href":"https:\/\/dorothea-redeker.de\/dorothea-redeker.de\/wp-json\/wp\/v2\/pages\/163\/revisions"}],"predecessor-version":[{"id":1965,"href":"https:\/\/dorothea-redeker.de\/dorothea-redeker.de\/wp-json\/wp\/v2\/pages\/163\/revisions\/1965"}],"wp:attachment":[{"href":"https:\/\/dorothea-redeker.de\/dorothea-redeker.de\/wp-json\/wp\/v2\/media?parent=163"}],"curies":[{"name":"wp","href":"https:\/\/api.w.org\/{rel}","templated":true}]}}