{"id":34,"date":"2019-05-03T10:19:19","date_gmt":"2019-05-03T08:19:19","guid":{"rendered":"http:\/\/localhost\/wordpress\/?page_id=34"},"modified":"2022-11-04T18:09:11","modified_gmt":"2022-11-04T17:09:11","slug":"publikationen","status":"publish","type":"page","link":"https:\/\/dorothea-redeker.de\/dorothea-redeker.de\/publikationen\/","title":{"rendered":"Publikationen und Vortr\u00e4ge"},"content":{"rendered":"\t\t<div data-elementor-type=\"wp-page\" data-elementor-id=\"34\" class=\"elementor elementor-34\">\n\t\t\t\t\t\t<section class=\"elementor-section elementor-top-section elementor-element elementor-element-4c045b10 elementor-section-boxed elementor-section-height-default elementor-section-height-default\" data-id=\"4c045b10\" data-element_type=\"section\">\n\t\t\t\t\t\t<div class=\"elementor-container elementor-column-gap-default\">\n\t\t\t\t\t<div class=\"elementor-column elementor-col-100 elementor-top-column elementor-element elementor-element-b8ec109\" data-id=\"b8ec109\" data-element_type=\"column\">\n\t\t\t<div class=\"elementor-widget-wrap elementor-element-populated\">\n\t\t\t\t\t\t<div class=\"elementor-element elementor-element-4f4579d5 elementor-widget elementor-widget-text-editor\" data-id=\"4f4579d5\" data-element_type=\"widget\" data-widget_type=\"text-editor.default\">\n\t\t\t\t<div class=\"elementor-widget-container\">\n\t\t\t\t\t\t\t\t\t<p><\/p>\n<p><strong>Hier finden Sie eine Zusammenstellung von Vortr\u00e4gen und Publikationen, die ich im Laufe meines Berufslebens und im Zuge meines ehrenamtlichen Engagements erstellt habe:<\/strong><\/p>\n<ul>\n<li><b><a href=\"https:\/\/dorothea-redeker.de\/dorothea-redeker.de\/publikationen\/der-physikus\/\" target=\"_blank\" rel=\"noopener\">Der Physikus \u2013 Als Public Health noch Volksgesundheit hie\u00df<\/a><br><\/b><b>Die Biographie des Mediziners Franz Redeker und ein Abriss \u00fcber die Geschichte des \u00f6ffentlichen Gesundheitsdienstes in Deutschland<br><\/b><\/li>\n<li><b><a href=\"https:\/\/dorothea-redeker.de\/dorothea-redeker.de\/publikationen\/welterbestaetten\/\" target=\"_blank\" rel=\"noopener\">Unseco Welterbest\u00e4tten<\/a><br>Gedanken und Einsch\u00e4tzungen zur Rolle der Unesco Welterbest\u00e4tten, insbesondere des Welterbes Kloster Lorsch<\/b><\/li>\n<li><b><a href=\"https:\/\/dorothea-redeker.de\/dorothea-redeker.de\/publikationen\/zukunft-der-buchbranche\/\" target=\"_blank\" rel=\"noopener\">Buchbranche<\/a><br>Darstellungen zu Lage und Zukunft der Buchbranche &#8211; insbesondere des Buchhandels<br><\/b><\/li>\n<\/ul>\n<p><\/p>\n<p><\/p>\n<p><\/p>\n<p><\/p>\n<p><\/p>\n<p><strong>&nbsp;<\/strong><\/p>\n<p><\/p>\n<p><\/p>\n<p><\/p>\n<p><\/p>\n<p><\/p>d\t\t\t\t\t\t\t\t<\/div>\n\t\t\t\t<\/div>\n\t\t\t\t\t<\/div>\n\t\t<\/div>\n\t\t\t\t\t<\/div>\n\t\t<\/section>\n\t\t\t\t<\/div>\n\t\t","protected":false},"excerpt":{"rendered":"<p>Hier finden Sie eine Zusammenstellung von Vortr\u00e4gen und Publikationen, die ich im Laufe meines Berufslebens und im Zuge meines ehrenamtlichen Engagements erstellt habe: Der Physikus \u2013 Als Public Health noch Volksgesundheit hie\u00dfDie Biographie des Mediziners Franz Redeker und ein Abriss \u00fcber die Geschichte des \u00f6ffentlichen Gesundheitsdienstes in Deutschland Unseco Welterbest\u00e4ttenGedanken und Einsch\u00e4tzungen zur Rolle der [&hellip;]<\/p>\n","protected":false},"author":3,"featured_media":537,"parent":0,"menu_order":0,"comment_status":"closed","ping_status":"closed","template":"","meta":{"ocean_post_layout":"","ocean_both_sidebars_style":"","ocean_both_sidebars_content_width":0,"ocean_both_sidebars_sidebars_width":0,"ocean_sidebar":"0","ocean_second_sidebar":"0","ocean_disable_margins":"enable","ocean_add_body_class":"","ocean_shortcode_before_top_bar":"","ocean_shortcode_after_top_bar":"","ocean_shortcode_before_header":"","ocean_shortcode_after_header":"","ocean_has_shortcode":"","ocean_shortcode_after_title":"","ocean_shortcode_before_footer_widgets":"","ocean_shortcode_after_footer_widgets":"","ocean_shortcode_before_footer_bottom":"","ocean_shortcode_after_footer_bottom":"","ocean_display_top_bar":"default","ocean_display_header":"default","ocean_header_style":"","ocean_center_header_left_menu":"0","ocean_custom_header_template":"0","ocean_custom_logo":0,"ocean_custom_retina_logo":0,"ocean_custom_logo_max_width":0,"ocean_custom_logo_tablet_max_width":0,"ocean_custom_logo_mobile_max_width":0,"ocean_custom_logo_max_height":0,"ocean_custom_logo_tablet_max_height":0,"ocean_custom_logo_mobile_max_height":0,"ocean_header_custom_menu":"0","ocean_menu_typo_font_family":"0","ocean_menu_typo_font_subset":"","ocean_menu_typo_font_size":0,"ocean_menu_typo_font_size_tablet":0,"ocean_menu_typo_font_size_mobile":0,"ocean_menu_typo_font_size_unit":"px","ocean_menu_typo_font_weight":"","ocean_menu_typo_font_weight_tablet":"","ocean_menu_typo_font_weight_mobile":"","ocean_menu_typo_transform":"","ocean_menu_typo_transform_tablet":"","ocean_menu_typo_transform_mobile":"","ocean_menu_typo_line_height":0,"ocean_menu_typo_line_height_tablet":0,"ocean_menu_typo_line_height_mobile":0,"ocean_menu_typo_line_height_unit":"","ocean_menu_typo_spacing":0,"ocean_menu_typo_spacing_tablet":0,"ocean_menu_typo_spacing_mobile":0,"ocean_menu_typo_spacing_unit":"","ocean_menu_link_color":"","ocean_menu_link_color_hover":"","ocean_menu_link_color_active":"","ocean_menu_link_background":"","ocean_menu_link_hover_background":"","ocean_menu_link_active_background":"","ocean_menu_social_links_bg":"","ocean_menu_social_hover_links_bg":"","ocean_menu_social_links_color":"","ocean_menu_social_hover_links_color":"","ocean_disable_title":"default","ocean_disable_heading":"default","ocean_post_title":"","ocean_post_subheading":"","ocean_post_title_style":"","ocean_post_title_background_color":"","ocean_post_title_background":0,"ocean_post_title_bg_image_position":"","ocean_post_title_bg_image_attachment":"","ocean_post_title_bg_image_repeat":"","ocean_post_title_bg_image_size":"","ocean_post_title_height":0,"ocean_post_title_bg_overlay":0.5,"ocean_post_title_bg_overlay_color":"","ocean_disable_breadcrumbs":"default","ocean_breadcrumbs_color":"","ocean_breadcrumbs_separator_color":"","ocean_breadcrumbs_links_color":"","ocean_breadcrumbs_links_hover_color":"","ocean_display_footer_widgets":"default","ocean_display_footer_bottom":"default","ocean_custom_footer_template":"0","footnotes":""},"class_list":["post-34","page","type-page","status-publish","has-post-thumbnail","hentry","entry","has-media"],"yoast_head":"<!-- This site is optimized with the Yoast SEO plugin v26.3 - https:\/\/yoast.com\/wordpress\/plugins\/seo\/ -->\n<title>Publikationen und Vortr\u00e4ge - Dorothea Redeker<\/title>\n<meta name=\"description\" content=\"Publkationen: Fachb\u00fccher und -artikel zur Buchbranche, Sachbuch \u00fcber ein zeitgeschichtliches Thema, Statements zum ehrenamtlichen Engagement\" \/>\n<meta name=\"robots\" content=\"index, follow, max-snippet:-1, max-image-preview:large, max-video-preview:-1\" \/>\n<link rel=\"canonical\" href=\"https:\/\/dorothea-redeker.de\/dorothea-redeker.de\/publikationen\/\" \/>\n<meta property=\"og:locale\" content=\"de_DE\" \/>\n<meta property=\"og:type\" content=\"article\" \/>\n<meta property=\"og:title\" content=\"Publikationen und Vortr\u00e4ge - Dorothea Redeker\" \/>\n<meta property=\"og:description\" content=\"Publkationen: Fachb\u00fccher und -artikel zur Buchbranche, Sachbuch \u00fcber ein zeitgeschichtliches Thema, Statements zum ehrenamtlichen Engagement\" \/>\n<meta property=\"og:url\" content=\"https:\/\/dorothea-redeker.de\/dorothea-redeker.de\/publikationen\/\" \/>\n<meta property=\"og:site_name\" content=\"Dorothea Redeker\" \/>\n<meta property=\"article:publisher\" content=\"http:\/\/www.dorothea-redeker.de\" \/>\n<meta property=\"article:modified_time\" content=\"2022-11-04T17:09:11+00:00\" \/>\n<meta property=\"og:image\" content=\"https:\/\/dorothea-redeker.de\/dorothea-redeker.de\/wp-content\/uploads\/2019\/04\/Architektur_8-02-e1556474214242.jpg\" \/>\n\t<meta property=\"og:image:width\" content=\"1000\" \/>\n\t<meta property=\"og:image:height\" content=\"477\" \/>\n\t<meta property=\"og:image:type\" content=\"image\/jpeg\" \/>\n<meta name=\"twitter:card\" content=\"summary_large_image\" \/>\n<meta name=\"twitter:label1\" content=\"Gesch\u00e4tzte Lesezeit\" \/>\n\t<meta name=\"twitter:data1\" content=\"1\u00a0Minute\" \/>\n<script type=\"application\/ld+json\" class=\"yoast-schema-graph\">{\"@context\":\"https:\/\/schema.org\",\"@graph\":[{\"@type\":\"WebPage\",\"@id\":\"https:\/\/dorothea-redeker.de\/dorothea-redeker.de\/publikationen\/\",\"url\":\"https:\/\/dorothea-redeker.de\/dorothea-redeker.de\/publikationen\/\",\"name\":\"Publikationen und Vortr\u00e4ge - Dorothea Redeker\",\"isPartOf\":{\"@id\":\"https:\/\/dorothea-redeker.de\/dorothea-redeker.de\/#website\"},\"primaryImageOfPage\":{\"@id\":\"https:\/\/dorothea-redeker.de\/dorothea-redeker.de\/publikationen\/#primaryimage\"},\"image\":{\"@id\":\"https:\/\/dorothea-redeker.de\/dorothea-redeker.de\/publikationen\/#primaryimage\"},\"thumbnailUrl\":\"https:\/\/dorothea-redeker.de\/dorothea-redeker.de\/wp-content\/uploads\/2019\/04\/Architektur_8-02-e1556474214242.jpg\",\"datePublished\":\"2019-05-03T08:19:19+00:00\",\"dateModified\":\"2022-11-04T17:09:11+00:00\",\"description\":\"Publkationen: Fachb\u00fccher und -artikel zur Buchbranche, Sachbuch \u00fcber ein zeitgeschichtliches Thema, Statements zum ehrenamtlichen Engagement\",\"breadcrumb\":{\"@id\":\"https:\/\/dorothea-redeker.de\/dorothea-redeker.de\/publikationen\/#breadcrumb\"},\"inLanguage\":\"de\",\"potentialAction\":[{\"@type\":\"ReadAction\",\"target\":[\"https:\/\/dorothea-redeker.de\/dorothea-redeker.de\/publikationen\/\"]}]},{\"@type\":\"ImageObject\",\"inLanguage\":\"de\",\"@id\":\"https:\/\/dorothea-redeker.de\/dorothea-redeker.de\/publikationen\/#primaryimage\",\"url\":\"https:\/\/dorothea-redeker.de\/dorothea-redeker.de\/wp-content\/uploads\/2019\/04\/Architektur_8-02-e1556474214242.jpg\",\"contentUrl\":\"https:\/\/dorothea-redeker.de\/dorothea-redeker.de\/wp-content\/uploads\/2019\/04\/Architektur_8-02-e1556474214242.jpg\",\"width\":1000,\"height\":477},{\"@type\":\"BreadcrumbList\",\"@id\":\"https:\/\/dorothea-redeker.de\/dorothea-redeker.de\/publikationen\/#breadcrumb\",\"itemListElement\":[{\"@type\":\"ListItem\",\"position\":1,\"name\":\"Startseite\",\"item\":\"https:\/\/dorothea-redeker.de\/dorothea-redeker.de\/\"},{\"@type\":\"ListItem\",\"position\":2,\"name\":\"Publikationen und Vortr\u00e4ge\"}]},{\"@type\":\"WebSite\",\"@id\":\"https:\/\/dorothea-redeker.de\/dorothea-redeker.de\/#website\",\"url\":\"https:\/\/dorothea-redeker.de\/dorothea-redeker.de\/\",\"name\":\"Dorothea Redeker\",\"description\":\"\",\"potentialAction\":[{\"@type\":\"SearchAction\",\"target\":{\"@type\":\"EntryPoint\",\"urlTemplate\":\"https:\/\/dorothea-redeker.de\/dorothea-redeker.de\/?s={search_term_string}\"},\"query-input\":{\"@type\":\"PropertyValueSpecification\",\"valueRequired\":true,\"valueName\":\"search_term_string\"}}],\"inLanguage\":\"de\"}]}<\/script>\n<!-- \/ Yoast SEO plugin. -->","yoast_head_json":{"title":"Publikationen und Vortr\u00e4ge - Dorothea Redeker","description":"Publkationen: Fachb\u00fccher und -artikel zur Buchbranche, Sachbuch \u00fcber ein zeitgeschichtliches Thema, Statements zum ehrenamtlichen Engagement","robots":{"index":"index","follow":"follow","max-snippet":"max-snippet:-1","max-image-preview":"max-image-preview:large","max-video-preview":"max-video-preview:-1"},"canonical":"https:\/\/dorothea-redeker.de\/dorothea-redeker.de\/publikationen\/","og_locale":"de_DE","og_type":"article","og_title":"Publikationen und Vortr\u00e4ge - Dorothea Redeker","og_description":"Publkationen: Fachb\u00fccher und -artikel zur Buchbranche, Sachbuch \u00fcber ein zeitgeschichtliches Thema, Statements zum ehrenamtlichen Engagement","og_url":"https:\/\/dorothea-redeker.de\/dorothea-redeker.de\/publikationen\/","og_site_name":"Dorothea Redeker","article_publisher":"http:\/\/www.dorothea-redeker.de","article_modified_time":"2022-11-04T17:09:11+00:00","og_image":[{"width":1000,"height":477,"url":"https:\/\/dorothea-redeker.de\/dorothea-redeker.de\/wp-content\/uploads\/2019\/04\/Architektur_8-02-e1556474214242.jpg","type":"image\/jpeg"}],"twitter_card":"summary_large_image","twitter_misc":{"Gesch\u00e4tzte Lesezeit":"1\u00a0Minute"},"schema":{"@context":"https:\/\/schema.org","@graph":[{"@type":"WebPage","@id":"https:\/\/dorothea-redeker.de\/dorothea-redeker.de\/publikationen\/","url":"https:\/\/dorothea-redeker.de\/dorothea-redeker.de\/publikationen\/","name":"Publikationen und Vortr\u00e4ge - Dorothea Redeker","isPartOf":{"@id":"https:\/\/dorothea-redeker.de\/dorothea-redeker.de\/#website"},"primaryImageOfPage":{"@id":"https:\/\/dorothea-redeker.de\/dorothea-redeker.de\/publikationen\/#primaryimage"},"image":{"@id":"https:\/\/dorothea-redeker.de\/dorothea-redeker.de\/publikationen\/#primaryimage"},"thumbnailUrl":"https:\/\/dorothea-redeker.de\/dorothea-redeker.de\/wp-content\/uploads\/2019\/04\/Architektur_8-02-e1556474214242.jpg","datePublished":"2019-05-03T08:19:19+00:00","dateModified":"2022-11-04T17:09:11+00:00","description":"Publkationen: Fachb\u00fccher und -artikel zur Buchbranche, Sachbuch \u00fcber ein zeitgeschichtliches Thema, Statements zum ehrenamtlichen Engagement","breadcrumb":{"@id":"https:\/\/dorothea-redeker.de\/dorothea-redeker.de\/publikationen\/#breadcrumb"},"inLanguage":"de","potentialAction":[{"@type":"ReadAction","target":["https:\/\/dorothea-redeker.de\/dorothea-redeker.de\/publikationen\/"]}]},{"@type":"ImageObject","inLanguage":"de","@id":"https:\/\/dorothea-redeker.de\/dorothea-redeker.de\/publikationen\/#primaryimage","url":"https:\/\/dorothea-redeker.de\/dorothea-redeker.de\/wp-content\/uploads\/2019\/04\/Architektur_8-02-e1556474214242.jpg","contentUrl":"https:\/\/dorothea-redeker.de\/dorothea-redeker.de\/wp-content\/uploads\/2019\/04\/Architektur_8-02-e1556474214242.jpg","width":1000,"height":477},{"@type":"BreadcrumbList","@id":"https:\/\/dorothea-redeker.de\/dorothea-redeker.de\/publikationen\/#breadcrumb","itemListElement":[{"@type":"ListItem","position":1,"name":"Startseite","item":"https:\/\/dorothea-redeker.de\/dorothea-redeker.de\/"},{"@type":"ListItem","position":2,"name":"Publikationen und Vortr\u00e4ge"}]},{"@type":"WebSite","@id":"https:\/\/dorothea-redeker.de\/dorothea-redeker.de\/#website","url":"https:\/\/dorothea-redeker.de\/dorothea-redeker.de\/","name":"Dorothea Redeker","description":"","potentialAction":[{"@type":"SearchAction","target":{"@type":"EntryPoint","urlTemplate":"https:\/\/dorothea-redeker.de\/dorothea-redeker.de\/?s={search_term_string}"},"query-input":{"@type":"PropertyValueSpecification","valueRequired":true,"valueName":"search_term_string"}}],"inLanguage":"de"}]}},"_links":{"self":[{"href":"https:\/\/dorothea-redeker.de\/dorothea-redeker.de\/wp-json\/wp\/v2\/pages\/34","targetHints":{"allow":["GET"]}}],"collection":[{"href":"https:\/\/dorothea-redeker.de\/dorothea-redeker.de\/wp-json\/wp\/v2\/pages"}],"about":[{"href":"https:\/\/dorothea-redeker.de\/dorothea-redeker.de\/wp-json\/wp\/v2\/types\/page"}],"author":[{"embeddable":true,"href":"https:\/\/dorothea-redeker.de\/dorothea-redeker.de\/wp-json\/wp\/v2\/users\/3"}],"replies":[{"embeddable":true,"href":"https:\/\/dorothea-redeker.de\/dorothea-redeker.de\/wp-json\/wp\/v2\/comments?post=34"}],"version-history":[{"count":59,"href":"https:\/\/dorothea-redeker.de\/dorothea-redeker.de\/wp-json\/wp\/v2\/pages\/34\/revisions"}],"predecessor-version":[{"id":1795,"href":"https:\/\/dorothea-redeker.de\/dorothea-redeker.de\/wp-json\/wp\/v2\/pages\/34\/revisions\/1795"}],"wp:featuredmedia":[{"embeddable":true,"href":"https:\/\/dorothea-redeker.de\/dorothea-redeker.de\/wp-json\/wp\/v2\/media\/537"}],"wp:attachment":[{"href":"https:\/\/dorothea-redeker.de\/dorothea-redeker.de\/wp-json\/wp\/v2\/media?parent=34"}],"curies":[{"name":"wp","href":"https:\/\/api.w.org\/{rel}","templated":true}]}}