{"id":740,"date":"2019-05-06T11:09:33","date_gmt":"2019-05-06T09:09:33","guid":{"rendered":"https:\/\/dorothea-redeker.de\/dorothea-redeker.de\/?page_id=740"},"modified":"2026-03-13T12:47:24","modified_gmt":"2026-03-13T11:47:24","slug":"mein-profil","status":"publish","type":"page","link":"https:\/\/dorothea-redeker.de\/dorothea-redeker.de\/mein-profil\/","title":{"rendered":"Profil &#8211; Dr. Dorothea Redeker"},"content":{"rendered":"\t\t<div data-elementor-type=\"wp-page\" data-elementor-id=\"740\" class=\"elementor elementor-740\">\n\t\t\t\t\t\t<section class=\"elementor-section elementor-top-section elementor-element elementor-element-7f89e55a elementor-section-boxed elementor-section-height-default elementor-section-height-default\" data-id=\"7f89e55a\" data-element_type=\"section\">\n\t\t\t\t\t\t<div class=\"elementor-container elementor-column-gap-default\">\n\t\t\t\t\t<div class=\"elementor-column elementor-col-100 elementor-top-column elementor-element elementor-element-76762658\" data-id=\"76762658\" data-element_type=\"column\">\n\t\t\t<div class=\"elementor-widget-wrap elementor-element-populated\">\n\t\t\t\t\t\t<div class=\"elementor-element elementor-element-1c318306 elementor-widget elementor-widget-heading\" data-id=\"1c318306\" data-element_type=\"widget\" data-widget_type=\"heading.default\">\n\t\t\t\t<div class=\"elementor-widget-container\">\n\t\t\t\t\t<h2 class=\"elementor-heading-title elementor-size-default\">Profil Dorothea Redeker<\/h2>\t\t\t\t<\/div>\n\t\t\t\t<\/div>\n\t\t\t\t\t<\/div>\n\t\t<\/div>\n\t\t\t\t\t<\/div>\n\t\t<\/section>\n\t\t\t\t<section class=\"elementor-section elementor-top-section elementor-element elementor-element-71fdebc4 elementor-section-boxed elementor-section-height-default elementor-section-height-default\" data-id=\"71fdebc4\" data-element_type=\"section\">\n\t\t\t\t\t\t<div class=\"elementor-container elementor-column-gap-default\">\n\t\t\t\t\t<div class=\"elementor-column elementor-col-50 elementor-top-column elementor-element elementor-element-17e20c5\" data-id=\"17e20c5\" data-element_type=\"column\">\n\t\t\t<div class=\"elementor-widget-wrap elementor-element-populated\">\n\t\t\t\t\t\t<div class=\"elementor-element elementor-element-e75eeec elementor-widget elementor-widget-image\" data-id=\"e75eeec\" data-element_type=\"widget\" data-widget_type=\"image.default\">\n\t\t\t\t<div class=\"elementor-widget-container\">\n\t\t\t\t\t\t\t\t\t\t\t\t\t\t\t<img fetchpriority=\"high\" decoding=\"async\" width=\"1024\" height=\"683\" src=\"https:\/\/dorothea-redeker.de\/dorothea-redeker.de\/wp-content\/uploads\/2019\/05\/DR03-1024x683.jpg\" class=\"attachment-large size-large wp-image-763\" alt=\"\" srcset=\"https:\/\/dorothea-redeker.de\/dorothea-redeker.de\/wp-content\/uploads\/2019\/05\/DR03-1024x683.jpg 1024w, https:\/\/dorothea-redeker.de\/dorothea-redeker.de\/wp-content\/uploads\/2019\/05\/DR03-300x200.jpg 300w, https:\/\/dorothea-redeker.de\/dorothea-redeker.de\/wp-content\/uploads\/2019\/05\/DR03-768x512.jpg 768w, https:\/\/dorothea-redeker.de\/dorothea-redeker.de\/wp-content\/uploads\/2019\/05\/DR03-272x182.jpg 272w, https:\/\/dorothea-redeker.de\/dorothea-redeker.de\/wp-content\/uploads\/2019\/05\/DR03.jpg 1200w\" sizes=\"(max-width: 1024px) 100vw, 1024px\" \/>\t\t\t\t\t\t\t\t\t\t\t\t\t\t\t<\/div>\n\t\t\t\t<\/div>\n\t\t\t\t\t<\/div>\n\t\t<\/div>\n\t\t\t\t<div class=\"elementor-column elementor-col-50 elementor-top-column elementor-element elementor-element-6a441575\" data-id=\"6a441575\" data-element_type=\"column\">\n\t\t\t<div class=\"elementor-widget-wrap elementor-element-populated\">\n\t\t\t\t\t\t<div class=\"elementor-element elementor-element-22c189c3 elementor-widget elementor-widget-text-editor\" data-id=\"22c189c3\" data-element_type=\"widget\" data-widget_type=\"text-editor.default\">\n\t\t\t\t<div class=\"elementor-widget-container\">\n\t\t\t\t\t\t\t\t\t<p>Mehr als 30 Jahre habe ich mich mit digitalen Themen besch\u00e4ftigt, zun\u00e4chst als Programmiererin und Designerin von Software, ein paar Jahre sp\u00e4ter als Vertrieblerin und Vertriebschefin f\u00fcr Anwendungen in der Bibliothekswelt auf internationaler B\u00fchne. Studiert habe ich urspr\u00fcnglich Chemie und Geografie f\u00fcr das Lehramt, mit Freude f\u00fcr die Inhalte meiner Studienf\u00e4cher, aber Ende der 1980er Jahre wegen des Einstellungsstopps der \u00f6ffentlichen Hand ohne Aussicht auf eine Stelle.<\/p>\n<p><!-- \/wp:paragraph --><\/p>\n<p><!-- wp:paragraph --><\/p><p><!-- \/wp:paragraph --><\/p>\n<p><!-- wp:paragraph --><!-- \/wp:paragraph --><\/p>\n<p><!-- wp:paragraph {\"textColor\":\"vivid-red\"} --><\/p>\n<p class=\"has-text-color has-vivid-red-color\">\n<\/p>\t\t\t\t\t\t\t\t<\/div>\n\t\t\t\t<\/div>\n\t\t\t\t\t<\/div>\n\t\t<\/div>\n\t\t\t\t\t<\/div>\n\t\t<\/section>\n\t\t\t\t<section class=\"elementor-section elementor-top-section elementor-element elementor-element-dd54636 elementor-section-boxed elementor-section-height-default elementor-section-height-default\" data-id=\"dd54636\" data-element_type=\"section\">\n\t\t\t\t\t\t<div class=\"elementor-container elementor-column-gap-default\">\n\t\t\t\t\t<div class=\"elementor-column elementor-col-100 elementor-top-column elementor-element elementor-element-631f61c\" data-id=\"631f61c\" data-element_type=\"column\">\n\t\t\t<div class=\"elementor-widget-wrap elementor-element-populated\">\n\t\t\t\t\t\t<div class=\"elementor-element elementor-element-c71bc48 elementor-widget elementor-widget-text-editor\" data-id=\"c71bc48\" data-element_type=\"widget\" data-widget_type=\"text-editor.default\">\n\t\t\t\t<div class=\"elementor-widget-container\">\n\t\t\t\t\t\t\t\t\t<h4>Berufsstart in der IT-Branche<\/h4>\n<p>Stattdessen verschlug es mich Ende der 1980-er Jahre in die IT-Branche, eine Entwicklung, f\u00fcr die ich im R\u00fcckblick sehr dankbar bin. Denn in den Geburtsstunden der kommerziellen Anwendung von IT-L\u00f6sungen habe ich die Grundlagen digitalen Denkens, das Denken in Bits und Bytes, in Strukturen und Algorithmen kennengelernt und angewandt. Die Bedeutung des Internets, die Wirkung sozialer Netzwerke und damit die gesellschaftliche Komponente der Digitalisierung in den heutigen Dimensionen konnte sich damals allerdings niemand vorstellen. Absehbar waren Ver\u00e4nderungen in der Arbeitswelt, so z.B. in der chemischen und pharmazeutischen Forschung, die sich von gro\u00dfen Datenbest\u00e4nden eine Beschleunigung und Verbesserung analytischer Methoden und Syntheseverfahren versprach. Bei Chemical Concepts, einem vom Bund gef\u00f6rderten Start-Up-Unternehmen des Verlags Chemie &#8211; heute Wiley -, legten wir Anfang der 1990-er Jahre die Grundlagen f\u00fcr die Weiterentwicklung bestehender Systeme und deren internationale Vermarktung.<\/p>\n<h4>Verbindung von Technologie und Sozialwissenschaften<\/h4>\n<p>Von Beginn an interessierten mich die mit der Digitalisierung verbundenen gesellschaftlichen Fragen, am Anfang eher aus einer technologischen Perspektive, mit Eintritt als Gesch\u00e4ftsf\u00fchrerin f\u00fcr die Buchhandelssparte beim B\u00f6rsenvereins des Deutschen Buchhandels 2003 immer st\u00e4rker aus einem wirtschafts- und sozialwissenschaftlichen Blickwinkel. Entstanden ist daraus eine Dissertation am Institut f\u00fcr Humangeografie der Universit\u00e4t Frankfurt \u00fcber die Zukunftschancen des kleinen und mittelst\u00e4ndischen Buchhandels. Die Ergebnisse meiner 2010 ver\u00f6ffentlichten qualitativen Studie haben von ihrer generellen G\u00fcltigkeit nichts eingeb\u00fc\u00dft, im Gegenteil: Sie finden heute Eingang in die Konzepte aller Buchhandelstypen und -gr\u00f6\u00dfen. Seit 2008 konzentrierte ich mich als selbstst\u00e4ndige Unternehmerin auf sozial- und geisteswissenschaftliche Themen, habe meine Gesch\u00e4ftspartner als &#8222;\u00dcbersetzerin&#8220; und Analytikern bei der Entwicklung und Bewertung \u00fcbergreifender Konzepte unterst\u00fctzt. Konzepte, die nicht nur den unmittelbaren Unternehmenszweck im Auge hatten, sondern Konsequenzen f\u00fcr Gesellschaft, Mitarbeiterinnen und Mitarbeiter und Kunden mitdachten und in das angestrebte Gesch\u00e4ftsmodell integrierten. Als freiberufliche Wissenschaftlerin widmete und widme ich mich dar\u00fcber hinaus eigenen Projekten, in denen disziplin\u00fcbergreifende Fragestellungen im Mittelpunkt stehen.<\/p>\n<h4>Ehrenamt<\/h4>\n<p>Ehrenamtliches Engagement war f\u00fcr mich immer ein wichtiger Teil meines Lebens &#8211; wir leben in einem Land, das uns \u00fcber 70 Jahre individuelle Freiheit, Chancen und Mitgestaltungsm\u00f6glichkeiten geboten hat und bietet. Selbstverst\u00e4ndlich ist das nicht, diese Errungenschaften m\u00fcssen immer wieder neu ins Bewusstsein gerufen und &#8211; der gesellschaftlichen Entwicklung entsprechend &#8211; angepasst werden. Unser Zusammenleben funktioniert dabei nur, wenn wir es schaffen, eine Balance zwischen individuellen Bed\u00fcrfnissen und Gemeinsinn herzustellen.\u00a0 Seit 2020 habe ich mich aus dem Berufsleben zur\u00fcckgezogen und arbeite ausschlie\u00dflich ehrenamtlich.<\/p>\n<p><!-- \/wp:paragraph --><\/p>\n<p><!-- wp:paragraph --><!-- \/wp:paragraph --><\/p>\n<p><!-- wp:paragraph {\"textColor\":\"vivid-red\"} --><\/p>\t\t\t\t\t\t\t\t<\/div>\n\t\t\t\t<\/div>\n\t\t\t\t\t<\/div>\n\t\t<\/div>\n\t\t\t\t\t<\/div>\n\t\t<\/section>\n\t\t\t\t<section class=\"elementor-section elementor-top-section elementor-element elementor-element-12a30117 elementor-section-boxed elementor-section-height-default elementor-section-height-default\" data-id=\"12a30117\" data-element_type=\"section\">\n\t\t\t\t\t\t<div class=\"elementor-container elementor-column-gap-default\">\n\t\t\t\t\t<div class=\"elementor-column elementor-col-100 elementor-top-column elementor-element elementor-element-6caa230b\" data-id=\"6caa230b\" data-element_type=\"column\">\n\t\t\t<div class=\"elementor-widget-wrap elementor-element-populated\">\n\t\t\t\t\t\t<div class=\"elementor-element elementor-element-4c8c6ee0 elementor-widget elementor-widget-text-editor\" data-id=\"4c8c6ee0\" data-element_type=\"widget\" data-widget_type=\"text-editor.default\">\n\t\t\t\t<div class=\"elementor-widget-container\">\n\t\t\t\t\t\t\t\t\t<p><b>Tabellarischer Lebenslauf<\/b><\/p>\n<ul>\n<li>Seit 2020 ausschlie\u00dflich ehrenamtlich t\u00e4tig<\/li>\n<li>Von 2007-2019 selbstst\u00e4ndig, dabei\n<ul>\n<li>2016 Ver\u00f6ffentlichung der Biographie des Mediziners und Tuberkulosespezialisten Franz Redeker (1891-1962):&nbsp; &#8222;Der Physikus &#8211; Als Public Health noch Volksgesundheit hie\u00df&#8220;<\/li>\n<li>2014-2017 Lehrbeauftrage der Universit\u00e4t Erlangen am <a href=\"https:\/\/buchwissenschaft.phil.fau.de\/\">Institut f\u00fcr Buchwissenschaften<\/a><\/li>\n<li>2007-2016 Leitung der Arbeitsgemeinschaft Wissenschaftlicher Sortiments- und Fachbuchhandlungen<\/li>\n<\/ul>\n<\/li>\n<li>2011-2018 1. Vorsitzende des Kuratorium <a href=\"https:\/\/kloster-lorsch.de\/\">UNESCO Welterbe Kloster Lorsch<\/a> (ehrenamtlich)<\/li>\n<li>2007-2009 Dissertation zur Zukunft des mittelst\u00e4ndischen Buchhandels in Deutschland am <a href=\"https:\/\/www.uni-frankfurt.de\/41601216\/news\">Institut f\u00fcr Humangeographie der Universit\u00e4t Frankfurt;<\/a> 2009 Promotion<\/li>\n<li>2004-2007 Gesch\u00e4ftsf\u00fchrerin des Sortimenter-Aussschuss im <a href=\"https:\/\/www.boersenverein.de\/\">B\u00f6rsenverein des Deutschen Buchhandels<\/a><\/li>\n<li>2001-2003 Vertriebs- und Marketingleitung D-A-CH <a href=\"https:\/\/exlibrisgroup.com\/de\/\">Ex Libris, Deutschland<\/a><\/li>\n<li>1997-2001 selbstst\u00e4ndige Unternehmensberaterin<\/li>\n<li>1996&nbsp; Vertriebsspezialistin f\u00fcr digitale Drucksysteme &#8211; <a href=\"https:\/\/www.xerox.com\/de-at\">Rank-Xerox<\/a><\/li>\n<li>1994-1995 Vertriebsleitung S\u00fcd Dabis GmbH, Unternehmen aufgegangen in Ex-Libris<\/li>\n<li>1990-1994 Vetrieb, Marketing und Gesch\u00e4ftsf\u00fchrung Chemical Concepts GmbH, Unternehmen aufgegangen in <a href=\"https:\/\/www.wiley-vch.de\/de\/\">Wiley-VCH Verlag,<\/a> Weinheim<\/li>\n<li><strong>Ausbildung<\/strong>\n<ul>\n<li>Erstes und Zweites Staatsexamen in Chemie und Geografie (<a href=\"https:\/\/www.uni-bonn.de\/de\">Universit\u00e4t Bonn&nbsp;<\/a> sowie <a href=\"https:\/\/sts-gym-heppenheim.bildung.hessen.de\/\">Studienseminar Bensheim<\/a>)<\/li>\n<li>Informationsanalytikerin (Nixdorf Computersysteme)<\/li>\n<li>Promoviert am <a href=\"https:\/\/www.uni-frankfurt.de\/41601216\/news\">Institut f\u00fcr Humangeografie &#8211; Universit\u00e4t Frankfurt<\/a><\/li>\n<\/ul>\n<\/li>\n<\/ul>\n<div>&nbsp;<\/div>\n<div>&nbsp;<\/div>\n<p><strong>Buchver\u00f6ffentlichungen<\/strong><\/p>\n<ul>\n<li>Der Physikus &#8211; Als Public Health noch Volksgesundheit hie\u00df; Bensheim, 2016&nbsp; &#8211; Restauflage erh\u00e4ltlich \u00fcber abebooks, Thomas Emig Altlandsberger Buchhandlung<\/li>\n<li>Quo vadis, Buchhandel? &#8211; Vom klassischen H\u00e4ndler zum Anbieter partizipativer L\u00f6sungen<br>Die Entwicklung neuer Standortprofile im Einzelhandel aus der Perspektive deutscher Buchh\u00e4ndler; Frankfurt, 2010<\/li>\n<\/ul>\n<h1 class=\"title\"><span style=\"font-size: 12pt;\"><strong><em>&nbsp;<\/em><\/strong><\/span><strong><em><span style=\"font-size: 12pt;\"><br><\/span><\/em><\/strong><\/h1>\n<p><\/p>\t\t\t\t\t\t\t\t<\/div>\n\t\t\t\t<\/div>\n\t\t\t\t\t<\/div>\n\t\t<\/div>\n\t\t\t\t\t<\/div>\n\t\t<\/section>\n\t\t\t\t<\/div>\n\t\t","protected":false},"excerpt":{"rendered":"<p>Profil Dorothea Redeker Mehr als 30 Jahre habe ich mich mit digitalen Themen besch\u00e4ftigt, zun\u00e4chst als Programmiererin und Designerin von Software, ein paar Jahre sp\u00e4ter als Vertrieblerin und Vertriebschefin f\u00fcr Anwendungen in der Bibliothekswelt auf internationaler B\u00fchne. Studiert habe ich urspr\u00fcnglich Chemie und Geografie f\u00fcr das Lehramt, mit Freude f\u00fcr die Inhalte meiner Studienf\u00e4cher, aber [&hellip;]<\/p>\n","protected":false},"author":2,"featured_media":763,"parent":0,"menu_order":10,"comment_status":"closed","ping_status":"closed","template":"","meta":{"ocean_post_layout":"","ocean_both_sidebars_style":"","ocean_both_sidebars_content_width":0,"ocean_both_sidebars_sidebars_width":0,"ocean_sidebar":"0","ocean_second_sidebar":"0","ocean_disable_margins":"enable","ocean_add_body_class":"","ocean_shortcode_before_top_bar":"","ocean_shortcode_after_top_bar":"","ocean_shortcode_before_header":"","ocean_shortcode_after_header":"","ocean_has_shortcode":"","ocean_shortcode_after_title":"","ocean_shortcode_before_footer_widgets":"","ocean_shortcode_after_footer_widgets":"","ocean_shortcode_before_footer_bottom":"","ocean_shortcode_after_footer_bottom":"","ocean_display_top_bar":"default","ocean_display_header":"default","ocean_header_style":"","ocean_center_header_left_menu":"0","ocean_custom_header_template":"0","ocean_custom_logo":0,"ocean_custom_retina_logo":0,"ocean_custom_logo_max_width":0,"ocean_custom_logo_tablet_max_width":0,"ocean_custom_logo_mobile_max_width":0,"ocean_custom_logo_max_height":0,"ocean_custom_logo_tablet_max_height":0,"ocean_custom_logo_mobile_max_height":0,"ocean_header_custom_menu":"0","ocean_menu_typo_font_family":"0","ocean_menu_typo_font_subset":"","ocean_menu_typo_font_size":0,"ocean_menu_typo_font_size_tablet":0,"ocean_menu_typo_font_size_mobile":0,"ocean_menu_typo_font_size_unit":"px","ocean_menu_typo_font_weight":"","ocean_menu_typo_font_weight_tablet":"","ocean_menu_typo_font_weight_mobile":"","ocean_menu_typo_transform":"","ocean_menu_typo_transform_tablet":"","ocean_menu_typo_transform_mobile":"","ocean_menu_typo_line_height":0,"ocean_menu_typo_line_height_tablet":0,"ocean_menu_typo_line_height_mobile":0,"ocean_menu_typo_line_height_unit":"","ocean_menu_typo_spacing":0,"ocean_menu_typo_spacing_tablet":0,"ocean_menu_typo_spacing_mobile":0,"ocean_menu_typo_spacing_unit":"","ocean_menu_link_color":"","ocean_menu_link_color_hover":"","ocean_menu_link_color_active":"","ocean_menu_link_background":"","ocean_menu_link_hover_background":"","ocean_menu_link_active_background":"","ocean_menu_social_links_bg":"","ocean_menu_social_hover_links_bg":"","ocean_menu_social_links_color":"","ocean_menu_social_hover_links_color":"","ocean_disable_title":"default","ocean_disable_heading":"default","ocean_post_title":"","ocean_post_subheading":"","ocean_post_title_style":"","ocean_post_title_background_color":"","ocean_post_title_background":0,"ocean_post_title_bg_image_position":"","ocean_post_title_bg_image_attachment":"","ocean_post_title_bg_image_repeat":"","ocean_post_title_bg_image_size":"","ocean_post_title_height":0,"ocean_post_title_bg_overlay":0.5,"ocean_post_title_bg_overlay_color":"","ocean_disable_breadcrumbs":"default","ocean_breadcrumbs_color":"","ocean_breadcrumbs_separator_color":"","ocean_breadcrumbs_links_color":"","ocean_breadcrumbs_links_hover_color":"","ocean_display_footer_widgets":"default","ocean_display_footer_bottom":"default","ocean_custom_footer_template":"0","footnotes":""},"class_list":["post-740","page","type-page","status-publish","has-post-thumbnail","hentry","entry","has-media"],"yoast_head":"<!-- This site is optimized with the Yoast SEO plugin v26.3 - https:\/\/yoast.com\/wordpress\/plugins\/seo\/ -->\n<title>Profil - Dr. Dorothea Redeker - Dorothea Redeker<\/title>\n<meta name=\"robots\" content=\"index, follow, max-snippet:-1, max-image-preview:large, max-video-preview:-1\" \/>\n<link rel=\"canonical\" href=\"https:\/\/dorothea-redeker.de\/dorothea-redeker.de\/mein-profil\/\" \/>\n<meta property=\"og:locale\" content=\"de_DE\" \/>\n<meta property=\"og:type\" content=\"article\" \/>\n<meta property=\"og:title\" content=\"Profil - Dr. Dorothea Redeker - Dorothea Redeker\" \/>\n<meta property=\"og:description\" content=\"Profil Dorothea Redeker Mehr als 30 Jahre habe ich mich mit digitalen Themen besch\u00e4ftigt, zun\u00e4chst als Programmiererin und Designerin von Software, ein paar Jahre sp\u00e4ter als Vertrieblerin und Vertriebschefin f\u00fcr Anwendungen in der Bibliothekswelt auf internationaler B\u00fchne. Studiert habe ich urspr\u00fcnglich Chemie und Geografie f\u00fcr das Lehramt, mit Freude f\u00fcr die Inhalte meiner Studienf\u00e4cher, aber [&hellip;]\" \/>\n<meta property=\"og:url\" content=\"https:\/\/dorothea-redeker.de\/dorothea-redeker.de\/mein-profil\/\" \/>\n<meta property=\"og:site_name\" content=\"Dorothea Redeker\" \/>\n<meta property=\"article:publisher\" content=\"http:\/\/www.dorothea-redeker.de\" \/>\n<meta property=\"article:modified_time\" content=\"2026-03-13T11:47:24+00:00\" \/>\n<meta property=\"og:image\" content=\"https:\/\/dorothea-redeker.de\/dorothea-redeker.de\/wp-content\/uploads\/2019\/05\/DR03.jpg\" \/>\n\t<meta property=\"og:image:width\" content=\"1200\" \/>\n\t<meta property=\"og:image:height\" content=\"800\" \/>\n\t<meta property=\"og:image:type\" content=\"image\/jpeg\" \/>\n<meta name=\"twitter:card\" content=\"summary_large_image\" \/>\n<meta name=\"twitter:label1\" content=\"Gesch\u00e4tzte Lesezeit\" \/>\n\t<meta name=\"twitter:data1\" content=\"4\u00a0Minuten\" \/>\n<script type=\"application\/ld+json\" class=\"yoast-schema-graph\">{\"@context\":\"https:\/\/schema.org\",\"@graph\":[{\"@type\":\"WebPage\",\"@id\":\"https:\/\/dorothea-redeker.de\/dorothea-redeker.de\/mein-profil\/\",\"url\":\"https:\/\/dorothea-redeker.de\/dorothea-redeker.de\/mein-profil\/\",\"name\":\"Profil - Dr. Dorothea Redeker - Dorothea Redeker\",\"isPartOf\":{\"@id\":\"https:\/\/dorothea-redeker.de\/dorothea-redeker.de\/#website\"},\"primaryImageOfPage\":{\"@id\":\"https:\/\/dorothea-redeker.de\/dorothea-redeker.de\/mein-profil\/#primaryimage\"},\"image\":{\"@id\":\"https:\/\/dorothea-redeker.de\/dorothea-redeker.de\/mein-profil\/#primaryimage\"},\"thumbnailUrl\":\"https:\/\/dorothea-redeker.de\/dorothea-redeker.de\/wp-content\/uploads\/2019\/05\/DR03.jpg\",\"datePublished\":\"2019-05-06T09:09:33+00:00\",\"dateModified\":\"2026-03-13T11:47:24+00:00\",\"breadcrumb\":{\"@id\":\"https:\/\/dorothea-redeker.de\/dorothea-redeker.de\/mein-profil\/#breadcrumb\"},\"inLanguage\":\"de\",\"potentialAction\":[{\"@type\":\"ReadAction\",\"target\":[\"https:\/\/dorothea-redeker.de\/dorothea-redeker.de\/mein-profil\/\"]}]},{\"@type\":\"ImageObject\",\"inLanguage\":\"de\",\"@id\":\"https:\/\/dorothea-redeker.de\/dorothea-redeker.de\/mein-profil\/#primaryimage\",\"url\":\"https:\/\/dorothea-redeker.de\/dorothea-redeker.de\/wp-content\/uploads\/2019\/05\/DR03.jpg\",\"contentUrl\":\"https:\/\/dorothea-redeker.de\/dorothea-redeker.de\/wp-content\/uploads\/2019\/05\/DR03.jpg\",\"width\":1200,\"height\":800},{\"@type\":\"BreadcrumbList\",\"@id\":\"https:\/\/dorothea-redeker.de\/dorothea-redeker.de\/mein-profil\/#breadcrumb\",\"itemListElement\":[{\"@type\":\"ListItem\",\"position\":1,\"name\":\"Startseite\",\"item\":\"https:\/\/dorothea-redeker.de\/dorothea-redeker.de\/\"},{\"@type\":\"ListItem\",\"position\":2,\"name\":\"Profil &#8211; Dr. Dorothea Redeker\"}]},{\"@type\":\"WebSite\",\"@id\":\"https:\/\/dorothea-redeker.de\/dorothea-redeker.de\/#website\",\"url\":\"https:\/\/dorothea-redeker.de\/dorothea-redeker.de\/\",\"name\":\"Dorothea Redeker\",\"description\":\"\",\"potentialAction\":[{\"@type\":\"SearchAction\",\"target\":{\"@type\":\"EntryPoint\",\"urlTemplate\":\"https:\/\/dorothea-redeker.de\/dorothea-redeker.de\/?s={search_term_string}\"},\"query-input\":{\"@type\":\"PropertyValueSpecification\",\"valueRequired\":true,\"valueName\":\"search_term_string\"}}],\"inLanguage\":\"de\"}]}<\/script>\n<!-- \/ Yoast SEO plugin. -->","yoast_head_json":{"title":"Profil - Dr. Dorothea Redeker - Dorothea Redeker","robots":{"index":"index","follow":"follow","max-snippet":"max-snippet:-1","max-image-preview":"max-image-preview:large","max-video-preview":"max-video-preview:-1"},"canonical":"https:\/\/dorothea-redeker.de\/dorothea-redeker.de\/mein-profil\/","og_locale":"de_DE","og_type":"article","og_title":"Profil - Dr. Dorothea Redeker - Dorothea Redeker","og_description":"Profil Dorothea Redeker Mehr als 30 Jahre habe ich mich mit digitalen Themen besch\u00e4ftigt, zun\u00e4chst als Programmiererin und Designerin von Software, ein paar Jahre sp\u00e4ter als Vertrieblerin und Vertriebschefin f\u00fcr Anwendungen in der Bibliothekswelt auf internationaler B\u00fchne. Studiert habe ich urspr\u00fcnglich Chemie und Geografie f\u00fcr das Lehramt, mit Freude f\u00fcr die Inhalte meiner Studienf\u00e4cher, aber [&hellip;]","og_url":"https:\/\/dorothea-redeker.de\/dorothea-redeker.de\/mein-profil\/","og_site_name":"Dorothea Redeker","article_publisher":"http:\/\/www.dorothea-redeker.de","article_modified_time":"2026-03-13T11:47:24+00:00","og_image":[{"width":1200,"height":800,"url":"https:\/\/dorothea-redeker.de\/dorothea-redeker.de\/wp-content\/uploads\/2019\/05\/DR03.jpg","type":"image\/jpeg"}],"twitter_card":"summary_large_image","twitter_misc":{"Gesch\u00e4tzte Lesezeit":"4\u00a0Minuten"},"schema":{"@context":"https:\/\/schema.org","@graph":[{"@type":"WebPage","@id":"https:\/\/dorothea-redeker.de\/dorothea-redeker.de\/mein-profil\/","url":"https:\/\/dorothea-redeker.de\/dorothea-redeker.de\/mein-profil\/","name":"Profil - Dr. Dorothea Redeker - Dorothea Redeker","isPartOf":{"@id":"https:\/\/dorothea-redeker.de\/dorothea-redeker.de\/#website"},"primaryImageOfPage":{"@id":"https:\/\/dorothea-redeker.de\/dorothea-redeker.de\/mein-profil\/#primaryimage"},"image":{"@id":"https:\/\/dorothea-redeker.de\/dorothea-redeker.de\/mein-profil\/#primaryimage"},"thumbnailUrl":"https:\/\/dorothea-redeker.de\/dorothea-redeker.de\/wp-content\/uploads\/2019\/05\/DR03.jpg","datePublished":"2019-05-06T09:09:33+00:00","dateModified":"2026-03-13T11:47:24+00:00","breadcrumb":{"@id":"https:\/\/dorothea-redeker.de\/dorothea-redeker.de\/mein-profil\/#breadcrumb"},"inLanguage":"de","potentialAction":[{"@type":"ReadAction","target":["https:\/\/dorothea-redeker.de\/dorothea-redeker.de\/mein-profil\/"]}]},{"@type":"ImageObject","inLanguage":"de","@id":"https:\/\/dorothea-redeker.de\/dorothea-redeker.de\/mein-profil\/#primaryimage","url":"https:\/\/dorothea-redeker.de\/dorothea-redeker.de\/wp-content\/uploads\/2019\/05\/DR03.jpg","contentUrl":"https:\/\/dorothea-redeker.de\/dorothea-redeker.de\/wp-content\/uploads\/2019\/05\/DR03.jpg","width":1200,"height":800},{"@type":"BreadcrumbList","@id":"https:\/\/dorothea-redeker.de\/dorothea-redeker.de\/mein-profil\/#breadcrumb","itemListElement":[{"@type":"ListItem","position":1,"name":"Startseite","item":"https:\/\/dorothea-redeker.de\/dorothea-redeker.de\/"},{"@type":"ListItem","position":2,"name":"Profil &#8211; Dr. Dorothea Redeker"}]},{"@type":"WebSite","@id":"https:\/\/dorothea-redeker.de\/dorothea-redeker.de\/#website","url":"https:\/\/dorothea-redeker.de\/dorothea-redeker.de\/","name":"Dorothea Redeker","description":"","potentialAction":[{"@type":"SearchAction","target":{"@type":"EntryPoint","urlTemplate":"https:\/\/dorothea-redeker.de\/dorothea-redeker.de\/?s={search_term_string}"},"query-input":{"@type":"PropertyValueSpecification","valueRequired":true,"valueName":"search_term_string"}}],"inLanguage":"de"}]}},"_links":{"self":[{"href":"https:\/\/dorothea-redeker.de\/dorothea-redeker.de\/wp-json\/wp\/v2\/pages\/740","targetHints":{"allow":["GET"]}}],"collection":[{"href":"https:\/\/dorothea-redeker.de\/dorothea-redeker.de\/wp-json\/wp\/v2\/pages"}],"about":[{"href":"https:\/\/dorothea-redeker.de\/dorothea-redeker.de\/wp-json\/wp\/v2\/types\/page"}],"author":[{"embeddable":true,"href":"https:\/\/dorothea-redeker.de\/dorothea-redeker.de\/wp-json\/wp\/v2\/users\/2"}],"replies":[{"embeddable":true,"href":"https:\/\/dorothea-redeker.de\/dorothea-redeker.de\/wp-json\/wp\/v2\/comments?post=740"}],"version-history":[{"count":130,"href":"https:\/\/dorothea-redeker.de\/dorothea-redeker.de\/wp-json\/wp\/v2\/pages\/740\/revisions"}],"predecessor-version":[{"id":2028,"href":"https:\/\/dorothea-redeker.de\/dorothea-redeker.de\/wp-json\/wp\/v2\/pages\/740\/revisions\/2028"}],"wp:featuredmedia":[{"embeddable":true,"href":"https:\/\/dorothea-redeker.de\/dorothea-redeker.de\/wp-json\/wp\/v2\/media\/763"}],"wp:attachment":[{"href":"https:\/\/dorothea-redeker.de\/dorothea-redeker.de\/wp-json\/wp\/v2\/media?parent=740"}],"curies":[{"name":"wp","href":"https:\/\/api.w.org\/{rel}","templated":true}]}}